{"id":90,"date":"2017-02-25T09:16:26","date_gmt":"2017-02-25T09:16:26","guid":{"rendered":"https:\/\/casanostra-biel.ch\/?page_id=90"},"modified":"2025-12-02T13:51:25","modified_gmt":"2025-12-02T13:51:25","slug":"prestations","status":"publish","type":"page","link":"https:\/\/staging.casanostra-biel.ch\/fr\/prestations\/","title":{"rendered":"Prestations"},"content":{"rendered":"<p>[et_pb_section fb_built=&#187;1&#8243; module_class=&#187;hero-section&#187; _builder_version=&#187;4.27.4&#8243; _module_preset=&#187;default&#187; background_color=&#187;RGBA(255,255,255,0)&#187; background_image=&#187;https:\/\/staging.casanostra-biel.ch\/wp-content\/uploads\/2025\/04\/Casanostra-Web-16.jpg&#187; width_tablet=&#187;&#187; width_phone=&#187;&#187; width_last_edited=&#187;on|phone&#187; max_width_tablet=&#187;&#187; max_width_phone=&#187;&#187; max_width_last_edited=&#187;on|phone&#187; height=&#187;50vh&#187; height_tablet=&#187;40vh&#187; height_phone=&#187;40vh&#187; height_last_edited=&#187;on|tablet&#187; bottom_divider_style=&#187;curve&#187; bottom_divider_color=&#187;gcid-secondary-color&#187; bottom_divider_height=&#187;30px&#187; bottom_divider_height_tablet=&#187;20px&#187; bottom_divider_height_phone=&#187;7px&#187; bottom_divider_height_last_edited=&#187;on|desktop&#187; background_last_edited=&#187;on|phone&#187; parallax_phone=&#187;off&#187; background_size_phone=&#187;custom&#187; background_image_width_phone=&#187;100%&#187; background_image_height_phone=&#187;100%&#187; background_blend_phone=&#187;normal&#187; custom_css_free_form=&#187;.selector {|| display: flex;|| justify-content: center; \/* Horizontally centers content *\/|| align-items: center; \/* Vertically centers content *\/||}&#187; global_colors_info=&#187;{%22gcid-secondary-color%22:%91%22bottom_divider_color%22,%22bottom_divider_color%22%93}&#187;][\/et_pb_section][et_pb_section fb_built=&#187;1&#8243; disabled_on=&#187;on|off|off&#187; _builder_version=&#187;4.27.4&#8243; _module_preset=&#187;default&#187; background_color=&#187;gcid-secondary-color&#187; custom_margin=&#187;0px||0px||false|false&#187; custom_padding=&#187;0px||0px||false|false&#187; border_color_bottom=&#187;#9B140E&#187; global_colors_info=&#187;{%22gcid-secondary-color%22:%91%22background_color%22%93}&#187;][et_pb_row _builder_version=&#187;4.27.3&#8243; _module_preset=&#187;default&#187; width=&#187;100%&#187; max_width=&#187;100%&#187; custom_margin=&#187;0px||0px||false|false&#187; custom_padding=&#187;10px||0px||false|false&#187; global_colors_info=&#187;{}&#187;][et_pb_column type=&#187;4_4&#8243; _builder_version=&#187;4.27.3&#8243; _module_preset=&#187;default&#187; global_colors_info=&#187;{}&#187;][dsm_breadcrumbs show_home_icon=&#187;off&#187; separator_icon=&#187;&#x35;||divi||400&#8243; items_bg_color=&#187;#C75C42&#8243; items_padding=&#187;0px|15px|0px|15px|true|true&#187; current_padding=&#187;0px|0px|0px|0px|false|false&#187; _builder_version=&#187;4.27.4&#8243; _module_preset=&#187;default&#187; items_text_color=&#187;#FFFFFF&#187; items_font_size=&#187;1rem&#187; separators_text_color=&#187;#AB5B47&#8243; current_font=&#187;Sytax LT Bold||||||||&#187; current_text_color=&#187;#3A2F2A&#187; current_font_size=&#187;1rem&#187; custom_margin=&#187;0px||0px|0px|false|false&#187; custom_padding=&#187;0px||0px|5%|false|false&#187; border_radii_items=&#187;on|200px|200px|200px|200px&#187; global_colors_info=&#187;{}&#187; items_text_color__hover_enabled=&#187;off|desktop&#187; current_bg_color__hover_enabled=&#187;on|hover&#187; items_bg_color__hover_enabled=&#187;off|hover&#187; current_bg_color__hover=&#187;RGBA(255,255,255,0)&#187;][\/dsm_breadcrumbs][\/et_pb_column][\/et_pb_row][\/et_pb_section][et_pb_section fb_built=&#187;1&#8243; _builder_version=&#187;4.27.4&#8243; _module_preset=&#187;default&#187; background_color=&#187;#fce7c5&#8243; custom_padding=&#187;||0px||false|false&#187; bottom_divider_color=&#187;#FDF4E4&#8243; bottom_divider_height=&#187;15px&#187; bottom_divider_height_tablet=&#187;15px&#187; bottom_divider_height_phone=&#187;5px&#187; bottom_divider_height_last_edited=&#187;on|phone&#187; border_color_bottom=&#187;#B5836D&#187; global_colors_info=&#187;{%22gcid-heading-color%22:%91%22next_background_color%22%93,%22gcid-secondary-color%22:%91%22background_color%22%93}&#187;][et_pb_row _builder_version=&#187;4.27.3&#8243; _module_preset=&#187;default&#187; global_colors_info=&#187;{}&#187;][et_pb_column type=&#187;4_4&#8243; _builder_version=&#187;4.27.3&#8243; _module_preset=&#187;default&#187; global_colors_info=&#187;{}&#187;][et_pb_heading title=&#187;Was wir wem anbieten&#187; _builder_version=&#187;4.27.4&#8243; _module_preset=&#187;default&#187; title_text_color=&#187;#AB5B47&#8243; title_font_size=&#187;6rem&#187; title_font_size_tablet=&#187;4.2rem&#187; title_font_size_phone=&#187;3.2rem&#187; title_font_size_last_edited=&#187;on|phone&#187; global_colors_info=&#187;{}&#187;][\/et_pb_heading][et_pb_text _builder_version=&#187;4.27.4&#8243; _module_preset=&#187;default&#187; text_font=&#187;Sytax LT Bold|&#8211;et_global_heading_font_weight|||||||&#187; text_text_color=&#187;#000000&#8243; text_font_size=&#187;1.3rem&#187; text_line_height=&#187;1.4em&#187; header_3_text_color=&#187;#9B140E&#187; header_3_font_size=&#187;2.3rem&#187; background_size=&#187;initial&#187; background_position=&#187;top_left&#187; background_repeat=&#187;repeat&#187; text_font_size_tablet=&#187;1.3rem&#187; text_font_size_phone=&#187;1.1rem&#187; text_font_size_last_edited=&#187;on|phone&#187; header_3_font_size_tablet=&#187;2.1rem&#187; header_3_font_size_phone=&#187;1.7rem&#187; header_3_font_size_last_edited=&#187;on|desktop&#187; global_colors_info=&#187;{}&#187;]<\/p>\n<p>Wir stellen, von Obdachlosigkeit bedrohten oder betroffen Menschen, Wohnraum zur Verf\u00fcgung und unterst\u00fctzen sie bei der aktiven Teilhabe und Inklusion in der Gesellschaft. Der Besitz von eigenen Liegenschaften beg\u00fcnstigt die soziale\u00a0Durchmischung.<\/p>\n<p>[\/et_pb_text][et_pb_blurb use_icon=&#187;on&#187; font_icon=&#187;&#xe052;||divi||400&#8243; _builder_version=&#187;4.27.4&#8243; _module_preset=&#187;bf5aa682-012b-412f-8e05-0a060be12516&#8243; global_colors_info=&#187;{}&#187;]<\/p>\n<p style=\"text-align: left;\"><span>Dabei sollen vor allem Personen Unterkunft finden, welche weitgehend selbst\u00e4ndig, allenfalls in Gemeinschaft mit anderen wohnen\u00a0k\u00f6nnen.<\/span><\/p>\n<p>[\/et_pb_blurb][et_pb_blurb use_icon=&#187;on&#187; font_icon=&#187;&#xe052;||divi||400&#8243; _builder_version=&#187;4.27.4&#8243; _module_preset=&#187;bf5aa682-012b-412f-8e05-0a060be12516&#8243; global_colors_info=&#187;{}&#187;]<\/p>\n<p><span>Das begleitete Wohnverh\u00e4ltnis soll die Voraussetzung schaffen, um Vereinsamungstendenzen zu stoppen, soziale Schwierigkeiten anzugehen und\/oder mit (Sucht)-Krankheiten einen im Wohnbereich sozial vertr\u00e4glichen Umgang zu\u00a0finden.<\/span><\/p>\n<p>[\/et_pb_blurb][et_pb_blurb use_icon=&#187;on&#187; font_icon=&#187;&#xe052;||divi||400&#8243; _builder_version=&#187;4.27.4&#8243; _module_preset=&#187;bf5aa682-012b-412f-8e05-0a060be12516&#8243; global_colors_info=&#187;{}&#187;]<\/p>\n<p><span>Zielgruppen sind Vollj\u00e4hrige, in Biel angemeldete Personen, die bereit sind eine Wohnbegleitung zu akzeptieren. Es gilt der Grundsatz, das Wohnen nicht an Bedingungen zu kn\u00fcpfen, die damit nichts zu tun haben (z.B.\u00a0Alkohol-Abstinenz).<\/span><\/p>\n<p>[\/et_pb_blurb][et_pb_blurb use_icon=&#187;on&#187; font_icon=&#187;&#xe052;||divi||400&#8243; _builder_version=&#187;4.27.4&#8243; _module_preset=&#187;bf5aa682-012b-412f-8e05-0a060be12516&#8243; custom_margin=&#187;0px||30px||false|false&#187; global_colors_info=&#187;{}&#187;]<\/p>\n<p>Casanostra setzt keine Abstinenz voraus.<\/p>\n<p>[\/et_pb_blurb][dsm_content_timeline _builder_version=&#187;4.27.4&#8243; _module_preset=&#187;default&#187; global_colors_info=&#187;{}&#187;][\/dsm_content_timeline][\/et_pb_column][\/et_pb_row][et_pb_row _builder_version=&#187;4.27.4&#8243; _module_preset=&#187;default&#187; custom_margin=&#187;0px||||false|false&#187; custom_padding=&#187;0px||||false|false&#187; global_colors_info=&#187;{}&#187;][et_pb_column type=&#187;4_4&#8243; _builder_version=&#187;4.27.4&#8243; _module_preset=&#187;default&#187; global_colors_info=&#187;{}&#187;][et_pb_testimonial author=&#187;Frau I.&#187; job_title=&#187;Klientin Casanostra&#187; portrait_url=&#187;https:\/\/staging.casanostra-biel.ch\/wp-content\/uploads\/2025\/04\/Portrait-4-300&#215;169.jpg&#187; quote_icon=&#187;off&#187; _builder_version=&#187;4.27.4&#8243; _module_preset=&#187;default&#187; background_color=&#187;#FDF4E4&#8243; custom_margin=&#187;||||false|false&#187; custom_padding=&#187;||||false|false&#187; border_radii=&#187;on|10px|10px|10px|10px&#187; locked=&#187;off&#187; global_colors_info=&#187;{}&#187;]<\/p>\n<p class=\"p1\">\u201eHerr Enz, der Sozialarbeiter von Casanostra, rechnet mit mir. Also kann er mit mir rechnen.\u201c<\/p>\n<p>[\/et_pb_testimonial][\/et_pb_column][\/et_pb_row][\/et_pb_section][et_pb_section fb_built=&#187;1&#8243; disabled_on=&#187;on|on|on&#187; _builder_version=&#187;4.27.4&#8243; _module_preset=&#187;default&#187; background_color=&#187;#FDF4E4&#8243; disabled=&#187;on&#187; global_colors_info=&#187;{}&#187;][et_pb_row _builder_version=&#187;4.27.4&#8243; _module_preset=&#187;default&#187; global_colors_info=&#187;{}&#187;][et_pb_column type=&#187;4_4&#8243; _builder_version=&#187;4.27.4&#8243; _module_preset=&#187;default&#187; global_colors_info=&#187;{}&#187;][et_pb_heading title=&#187;Liegenschaften&#187; _builder_version=&#187;4.27.4&#8243; _module_preset=&#187;default&#187; title_level=&#187;h2&#8243; title_text_color=&#187;#AB5B47&#8243; locked=&#187;off&#187; global_colors_info=&#187;{}&#187;][\/et_pb_heading][et_pb_gallery gallery_ids=&#187;233343,233342,233340,233339,233338,6768,6673,6672&#8243; show_title_and_caption=&#187;off&#187; show_pagination=&#187;off&#187; _builder_version=&#187;4.27.4&#8243; _module_preset=&#187;default&#187; border_radii_image=&#187;on|10px|10px|10px|10px&#187; global_colors_info=&#187;{}&#187;][\/et_pb_gallery][\/et_pb_column][\/et_pb_row][\/et_pb_section]<\/p>\n","protected":false},"excerpt":{"rendered":"<p><div class=\"et_pb_module dsm_breadcrumbs dsm_breadcrumbs_0\">\n\t\t\t\t\n\t\t\t\t\n\t\t\t\t\n\t\t\t\t\n\t\t\t\t\n\t\t\t\t\n\t\t\t\t<div class=\"et_pb_module_inner\">\n\t\t\t\t\t<nav class=\"dsm_breadcrumbs_wrap\">\n\t\t\t\t<ul class=\"dsm_breadcrumbs\" itemscope itemtype=\"https:\/\/schema.org\/BreadcrumbList\">\t\t\t<li class=\"dsm_breadcrumbs_item dsm_home_item dsm_home_item_custom\" itemprop=\"itemListElement\" itemscope\n\t\t\titemtype=\"https:\/\/schema.org\/ListItem\">\n\t\t\t\t<a href=\"https:\/\/staging.casanostra-biel.ch\/fr\" itemprop=\"item\" target=\"\">\n\t\t\t\t\t<span class='dsm_home_text_wrapper'>\n\t\t\t\t\t\t\t\t\t\t\t\t\t<span class=\"dsm_home_text\" itemprop=\"name\">\n\t\t\t\t\t\t\t\tAccueil\t\t\t\t\t\t\t<\/span>\n\t\t\t\t\t<\/span>\n\t\t\t\t<\/a>\n\t\t\t\t<meta itemprop=\"position\" content=\"1\" \/>\n\t\t\t<\/li>\n\n\t\t<li class=\"dsm_breadcrumbs_separator\"> <span class=\"et-pb-icon dsm_separator_icon\">5<\/span><\/li><\/ul>\n\t\t\t<\/nav>\n\t\t\t\t<\/div>\n\t\t\t<\/div>Wir stellen, von Obdachlosigkeit bedrohten oder betroffen Menschen, Wohnraum zur Verf\u00fcgung und unterst\u00fctzen sie bei der aktiven Teilhabe und Inklusion in der Gesellschaft. Der Besitz von eigenen Liegenschaften beg\u00fcnstigt die soziale\u00a0Durchmischung.Dabei sollen vor allem Personen Unterkunft finden, welche weitgehend selbst\u00e4ndig, allenfalls in Gemeinschaft mit anderen wohnen\u00a0k\u00f6nnen.Das begleitete Wohnverh\u00e4ltnis soll die Voraussetzung schaffen, um Vereinsamungstendenzen zu stoppen, soziale Schwierigkeiten anzugehen und\/oder mit (Sucht)-Krankheiten einen im Wohnbereich sozial vertr\u00e4glichen Umgang zu\u00a0finden.Zielgruppen sind Vollj\u00e4hrige, in Biel angemeldete Personen, die bereit sind eine Wohnbegleitung zu akzeptieren. Es gilt der Grundsatz, das Wohnen nicht an Bedingungen zu kn\u00fcpfen, die damit nichts zu tun haben (z.B.\u00a0Alkohol-Abstinenz).Casanostra setzt keine Abstinenz voraus.<div class=\"et_pb_module dsm_content_timeline dsm_content_timeline_0\">\n\t\t\t\t\n\t\t\t\t\n\t\t\t\t\n\t\t\t\t\n\t\t\t\t\n\t\t\t\t\n\t\t\t\t<div class=\"et_pb_module_inner\">\n\t\t\t\t\t<div class=\"dsm-content-timeline-items-wrapper dsm-center\" data-tree-animation=\"off\" data-tree-animation-tablet=\"\" data-tree-animation-phone=\"\" data-image_lightbox=\"off\">\n\t\t\t<div class=\"dsm-content-timeline-tree\">\n\t\t\t\t\n\t\t\t<\/div>\n\t\t   \n\t\t<\/div>\n\t\t\n\t\t\t\t<\/div>\n\t\t\t<\/div>\u00ab M. Enz, l'assistant social de Casanostra, compte sur moi. Il peut donc compter sur moi. \u00bb<\/p>","protected":false},"author":12,"featured_media":93,"parent":0,"menu_order":0,"comment_status":"closed","ping_status":"closed","template":"","meta":{"_et_pb_use_builder":"on","_et_pb_old_content":"<p><strong>Casanostra richtet sich an Personen, die auf dem regul\u00e4ren Wohnungsmarkt keine Chance mehr haben eine Wohnung oder ein Zimmer zu mieten. Der Verein bietet Wohnraum an f\u00fcr sozial benachteiligte Menschen. Der Besitz von eigenen Liegenschaften beg\u00fcnstigt die soziale Durchmischung.<\/strong><\/p><p>Dabei sollen vor allem Personen Unterkunft finden, welche weitgehend selbst\u00e4ndig, allenfalls in Gemeinschaft mit anderen wohnen k\u00f6nnen.<\/p><p>Das begleitete Wohnverh\u00e4ltnis soll die Voraussetzung schaffen, um Vereinsamungstendenzen zu stoppen, soziale Schwierigkeiten anzugehen und\/oder mit (Sucht)-Krankheiten einen im Wohnbereich sozial vertr\u00e4glichen Umgang zu finden.<\/p><p>Zielgruppen sind Vollj\u00e4hrige, in Biel angemeldete Personen, die bereit sind eine Wohnbegleitung zu akzeptieren. Es gilt der Grundsatz, das Wohnen nicht an Bedingungen zu kn\u00fcpfen, die damit nichts zu tun haben (z.B. Alkohol-Abstinenz).<\/p><p><a class=\"download-icon\" href=\"https:\/\/staging.casanostra-biel.ch\/wp-content\/uploads\/2017\/02\/angebotsflyer_2.pdf\" target=\"_blank\" rel=\"noopener noreferrer\"><strong>Infoflyer<\/strong><br \/>(PDF, 1.7 MB)<\/a><\/p>","_et_gb_content_width":"","footnotes":""},"class_list":["post-90","page","type-page","status-publish","has-post-thumbnail","hentry"],"_links":{"self":[{"href":"https:\/\/staging.casanostra-biel.ch\/fr\/wp-json\/wp\/v2\/pages\/90","targetHints":{"allow":["GET"]}}],"collection":[{"href":"https:\/\/staging.casanostra-biel.ch\/fr\/wp-json\/wp\/v2\/pages"}],"about":[{"href":"https:\/\/staging.casanostra-biel.ch\/fr\/wp-json\/wp\/v2\/types\/page"}],"author":[{"embeddable":true,"href":"https:\/\/staging.casanostra-biel.ch\/fr\/wp-json\/wp\/v2\/users\/12"}],"replies":[{"embeddable":true,"href":"https:\/\/staging.casanostra-biel.ch\/fr\/wp-json\/wp\/v2\/comments?post=90"}],"version-history":[{"count":0,"href":"https:\/\/staging.casanostra-biel.ch\/fr\/wp-json\/wp\/v2\/pages\/90\/revisions"}],"wp:featuredmedia":[{"embeddable":true,"href":"https:\/\/staging.casanostra-biel.ch\/fr\/wp-json\/wp\/v2\/media\/93"}],"wp:attachment":[{"href":"https:\/\/staging.casanostra-biel.ch\/fr\/wp-json\/wp\/v2\/media?parent=90"}],"curies":[{"name":"wp","href":"https:\/\/api.w.org\/{rel}","templated":true}]}}