{"id":6683,"date":"2025-03-11T22:03:18","date_gmt":"2025-03-11T22:03:18","guid":{"rendered":"https:\/\/staging.casanostra-biel.ch\/?page_id=6683"},"modified":"2025-11-25T14:47:08","modified_gmt":"2025-11-25T14:47:08","slug":"charte","status":"publish","type":"page","link":"https:\/\/staging.casanostra-biel.ch\/fr\/association\/charte\/","title":{"rendered":"Charte"},"content":{"rendered":"<p>[et_pb_section fb_built=&#187;1&#8243; next_background_color=&#187;gcid-secondary-color&#187; _builder_version=&#187;4.27.4&#8243; _module_preset=&#187;default&#187; background_color=&#187;#AB5B47&#8243; bottom_divider_style=&#187;curve&#187; bottom_divider_height=&#187;30px&#187; bottom_divider_height_tablet=&#187;20px&#187; bottom_divider_height_phone=&#187;7px&#187; bottom_divider_height_last_edited=&#187;on|phone&#187; global_colors_info=&#187;{}&#187;][et_pb_row _builder_version=&#187;4.27.4&#8243; _module_preset=&#187;default&#187; global_colors_info=&#187;{}&#187;][et_pb_column type=&#187;4_4&#8243; _builder_version=&#187;4.27.4&#8243; _module_preset=&#187;default&#187; global_colors_info=&#187;{}&#187;][et_pb_heading title=&#187;Nach welchen strategischen Vorgaben Casanostra arbeitet&#187; _builder_version=&#187;4.27.4&#8243; _module_preset=&#187;default&#187; title_text_color=&#187;#FFFFFF&#187; title_font_size=&#187;6rem&#187; title_font_size_tablet=&#187;4.5rem&#187; title_font_size_phone=&#187;3rem&#187; title_font_size_last_edited=&#187;on|phone&#187; global_colors_info=&#187;{}&#187;][\/et_pb_heading][\/et_pb_column][\/et_pb_row][\/et_pb_section][et_pb_section fb_built=&#187;1&#8243; disabled_on=&#187;on|off|off&#187; _builder_version=&#187;4.27.4&#8243; _module_preset=&#187;default&#187; background_color=&#187;gcid-secondary-color&#187; custom_margin=&#187;0px||0px||false|false&#187; custom_padding=&#187;0px||0px||false|false&#187; border_color_bottom=&#187;#9B140E&#187; global_colors_info=&#187;{%22gcid-secondary-color%22:%91%22background_color%22%93}&#187;][et_pb_row _builder_version=&#187;4.27.3&#8243; _module_preset=&#187;default&#187; width=&#187;100%&#187; max_width=&#187;100%&#187; custom_margin=&#187;0px||0px||false|false&#187; custom_padding=&#187;10px||0px||false|false&#187; global_colors_info=&#187;{}&#187;][et_pb_column type=&#187;4_4&#8243; _builder_version=&#187;4.27.3&#8243; _module_preset=&#187;default&#187; global_colors_info=&#187;{}&#187;][dsm_breadcrumbs show_home_icon=&#187;off&#187; separator_icon=&#187;&#x35;||divi||400&#8243; items_bg_color=&#187;#C75C42&#8243; items_padding=&#187;0px|15px|0px|15px|true|true&#187; current_padding=&#187;0px|0px|0px|0px|false|false&#187; _builder_version=&#187;4.27.4&#8243; _module_preset=&#187;default&#187; items_text_color=&#187;#FFFFFF&#187; items_font_size=&#187;1rem&#187; separators_text_color=&#187;#AB5B47&#8243; current_font=&#187;Sytax LT Bold||||||||&#187; current_text_color=&#187;#3A2F2A&#187; current_font_size=&#187;1rem&#187; custom_margin=&#187;0px||0px|0px|false|false&#187; custom_padding=&#187;0px||0px|5%|false|false&#187; border_radii_items=&#187;on|200px|200px|200px|200px&#187; global_colors_info=&#187;{}&#187; items_text_color__hover_enabled=&#187;off|desktop&#187; current_bg_color__hover_enabled=&#187;on|hover&#187; items_bg_color__hover_enabled=&#187;off|hover&#187; current_bg_color__hover=&#187;RGBA(255,255,255,0)&#187;][\/dsm_breadcrumbs][\/et_pb_column][\/et_pb_row][\/et_pb_section][et_pb_section fb_built=&#187;1&#8243; _builder_version=&#187;4.27.4&#8243; background_color=&#187;#FCE7C5&#8243; custom_padding=&#187;13px||103px|||&#187; bottom_divider_style=&#187;curve&#187; bottom_divider_color=&#187;#AB5B47&#8243; bottom_divider_height=&#187;30px&#187; bottom_divider_height_tablet=&#187;20px&#187; bottom_divider_height_phone=&#187;7px&#187; bottom_divider_height_last_edited=&#187;on|desktop&#187; global_colors_info=&#187;{}&#187;][et_pb_row _builder_version=&#187;4.27.3&#8243; _module_preset=&#187;default&#187; custom_padding=&#187;||3px|||&#187; locked=&#187;off&#187; global_colors_info=&#187;{}&#187;][et_pb_column type=&#187;4_4&#8243; _builder_version=&#187;4.27.3&#8243; _module_preset=&#187;default&#187; global_colors_info=&#187;{}&#187;][et_pb_heading title=&#187;Pr\u00e4ambel&#187; _builder_version=&#187;4.27.4&#8243; _module_preset=&#187;default&#187; title_level=&#187;h2&#8243; title_text_color=&#187;#AB5B47&#8243; global_colors_info=&#187;{}&#187;][\/et_pb_heading][et_pb_text _builder_version=&#187;4.27.4&#8243; _module_preset=&#187;default&#187; global_colors_info=&#187;{}&#187;]<\/p>\n<p><span>Wir sind dem Schutz der Menschenw\u00fcrde und den Menschenrechten verpflichtet. Wir setzen uns ein f\u00fcr das Recht auf menschenw\u00fcrdiges Wohnen, wenn Menschen nicht selber in der Lage dazu sind, dieses Recht wahrzunehmen. In unserer Arbeit nehmen wir eine politische Verantwortung wahr, die sich aus den gesetzlichen Bestimmungen des Bundes ergibt, des Kantons Bern und der Stadt Biel.<\/span><\/p>\n<p>[\/et_pb_text][et_pb_heading title=&#187;Wer wir sind&#187; _builder_version=&#187;4.27.4&#8243; _module_preset=&#187;default&#187; title_level=&#187;h2&#8243; title_text_color=&#187;#AB5B47&#8243; locked=&#187;off&#187; global_colors_info=&#187;{}&#187;][\/et_pb_heading][et_pb_text _builder_version=&#187;4.27.4&#8243; _module_preset=&#187;default&#187; global_colors_info=&#187;{}&#187;]<\/p>\n<p>Casanostra, ein gemeinn\u00fctziger Verein mit Sitz in Biel, ist eine soziale Immobilienverwaltung mit professioneller Wohnbegleitung.<\/p>\n<p>[\/et_pb_text][et_pb_heading title=&#187;Was wir wollen&#187; _builder_version=&#187;4.27.4&#8243; _module_preset=&#187;default&#187; title_level=&#187;h2&#8243; title_text_color=&#187;#AB5B47&#8243; locked=&#187;off&#187; global_colors_info=&#187;{}&#187;][\/et_pb_heading][et_pb_text _builder_version=&#187;4.27.4&#8243; _module_preset=&#187;default&#187; global_colors_info=&#187;{}&#187;]<\/p>\n<p>Wir bieten Wohnraum f\u00fcr wohnungslose oder von Wohnungslosigkeit bedrohte Menschen in der Stadt Biel. Eine Wohnung ist eine wichtige Voraussetzung f\u00fcr eine stabile Lebenssituation. Mit unserer Sozialarbeit f\u00f6rdern wir die Wohnkompetenz der Kundinnen und Kunden sowie deren soziale Inklusion.<\/p>\n<p>Wir erhalten die Substanz der Wohnungen, die in unserem Besitz sind. Wir passen unsere Dienstleistungen laufend dem sich ver\u00e4ndernden Wohnbedarf an.<\/p>\n<p>[\/et_pb_text][et_pb_heading title=&#187;Wer unsere Kundinnen und Kunden sind&#187; _builder_version=&#187;4.27.4&#8243; _module_preset=&#187;default&#187; title_level=&#187;h2&#8243; title_text_color=&#187;#AB5B47&#8243; custom_margin=&#187;42px|||||&#187; custom_padding=&#187;18px|||||&#187; locked=&#187;off&#187; global_colors_info=&#187;{}&#187;][\/et_pb_heading][\/et_pb_column][\/et_pb_row][et_pb_row column_structure=&#187;1_3,1_3,1_3&#8243; _builder_version=&#187;4.27.4&#8243; _module_preset=&#187;default&#187; custom_margin=&#187;||||false|false&#187; custom_padding=&#187;40px||60px||false|false&#187; global_colors_info=&#187;{}&#187;][et_pb_column type=&#187;1_3&#8243; _builder_version=&#187;4.27.4&#8243; _module_preset=&#187;default&#187; global_colors_info=&#187;{}&#187;][et_pb_blurb use_icon=&#187;on&#187; font_icon=&#187;&#xe08a;||divi||400&#8243; icon_placement=&#187;top&#187; image_icon_width=&#187;60px&#187; icon_alignment=&#187;left&#187; _builder_version=&#187;4.27.4&#8243; _module_preset=&#187;default&#187; border_radii_image=&#187;on|5px|5px|5px|5px&#187; border_color_right_image=&#187;#AB5B47&#8243; global_colors_info=&#187;{}&#187; border_style_right_image__hover_enabled=&#187;on|hover&#187; border_width_all_image__hover_enabled=&#187;on|hover&#187; border_width_right_image__hover_enabled=&#187;on|hover&#187; box_shadow_vertical_image__hover_enabled=&#187;on|hover&#187; box_shadow_vertical_image__hover=&#187;7px&#187;]<\/p>\n<p>Casanostra richtet sich an vollj\u00e4hrige Menschen mit Lebensmittelpunkt in Biel, die aufgrund ihrer Voraussetzungen keine Wohnung finden.<\/p>\n<p>[\/et_pb_blurb][\/et_pb_column][et_pb_column type=&#187;1_3&#8243; _builder_version=&#187;4.27.4&#8243; _module_preset=&#187;default&#187; global_colors_info=&#187;{}&#187;][et_pb_blurb use_icon=&#187;on&#187; font_icon=&#187;&#xf4c4;||fa||900&#8243; icon_placement=&#187;top&#187; image_icon_width=&#187;60px&#187; icon_alignment=&#187;left&#187; _builder_version=&#187;4.27.4&#8243; _module_preset=&#187;default&#187; border_radii_image=&#187;on|5px|5px|5px|5px&#187; border_color_right_image=&#187;#AB5B47&#8243; global_colors_info=&#187;{}&#187; border_width_all_image__hover_enabled=&#187;on|hover&#187; border_width_right_image__hover_enabled=&#187;on|hover&#187; border_style_right_image__hover_enabled=&#187;on|hover&#187; box_shadow_vertical_image__hover=&#187;7px&#187; box_shadow_vertical_image__hover_enabled=&#187;on|hover&#187;]<\/p>\n<p>Wir f\u00f6rdern, erhalten und evaluieren mit den begleitenden Personen die Wohnkompetenzen. Casanostra setzt keine Abstinenz voraus.<\/p>\n<p>[\/et_pb_blurb][\/et_pb_column][et_pb_column type=&#187;1_3&#8243; _builder_version=&#187;4.27.4&#8243; _module_preset=&#187;default&#187; global_colors_info=&#187;{}&#187;][et_pb_blurb use_icon=&#187;on&#187; font_icon=&#187;&#xe074;||divi||400&#8243; icon_placement=&#187;top&#187; image_icon_width=&#187;60px&#187; icon_alignment=&#187;left&#187; _builder_version=&#187;4.27.4&#8243; _module_preset=&#187;default&#187; border_radii_image=&#187;on|5px|5px|5px|5px&#187; border_color_right_image=&#187;#AB5B47&#8243; global_colors_info=&#187;{}&#187; border_width_all_image__hover_enabled=&#187;on|hover&#187; border_width_right_image__hover_enabled=&#187;on|hover&#187; border_style_right_image__hover_enabled=&#187;on|hover&#187; box_shadow_vertical_image__hover=&#187;7px&#187; box_shadow_vertical_image__hover_enabled=&#187;on|hover&#187;]<\/p>\n<p>Sie k\u00f6nnen ihren Haushalt in unseren Wohnungen so f\u00fchren, dass sie sich und andere nicht unzumutbar st\u00f6ren oder gef\u00e4hrden.<\/p>\n<p>[\/et_pb_blurb][\/et_pb_column][\/et_pb_row][et_pb_row _builder_version=&#187;4.27.3&#8243; _module_preset=&#187;default&#187; custom_padding=&#187;0px||2px|||&#187; locked=&#187;off&#187; global_colors_info=&#187;{}&#187;][et_pb_column type=&#187;4_4&#8243; _builder_version=&#187;4.27.3&#8243; _module_preset=&#187;default&#187; global_colors_info=&#187;{}&#187;][et_pb_heading title=&#187;Wie wir zusammenarbeiten&#187; _builder_version=&#187;4.27.4&#8243; _module_preset=&#187;default&#187; title_level=&#187;h2&#8243; title_text_color=&#187;#AB5B47&#8243; custom_margin=&#187;||-7px|||&#187; custom_padding=&#187;||17px|||&#187; locked=&#187;off&#187; global_colors_info=&#187;{}&#187;][\/et_pb_heading][et_pb_blurb use_icon=&#187;on&#187; font_icon=&#187;&#xe046;||divi||400&#8243; _builder_version=&#187;4.27.4&#8243; _module_preset=&#187;default&#187; global_colors_info=&#187;{}&#187;]<\/p>\n<p>Beratung bei Alltags- und psychosozialen Problemen<\/p>\n<p>[\/et_pb_blurb][et_pb_blurb use_icon=&#187;on&#187; font_icon=&#187;&#xe046;||divi||400&#8243; _builder_version=&#187;4.27.4&#8243; _module_preset=&#187;default&#187; global_colors_info=&#187;{}&#187;]<\/p>\n<p>Beratung bei Suchtproblemen und Vermittlung an geeignete Fachstellen<\/p>\n<p>[\/et_pb_blurb][et_pb_blurb use_icon=&#187;on&#187; font_icon=&#187;&#xe046;||divi||400&#8243; _builder_version=&#187;4.27.4&#8243; _module_preset=&#187;default&#187; global_colors_info=&#187;{}&#187;]<\/p>\n<p>Krisenintervention bei Bedarf<\/p>\n<p>[\/et_pb_blurb][et_pb_blurb use_icon=&#187;on&#187; font_icon=&#187;&#xe046;||divi||400&#8243; _builder_version=&#187;4.27.4&#8243; _module_preset=&#187;default&#187; global_colors_info=&#187;{}&#187;]<\/p>\n<p>Vernetzung mit Gesundheitsinstitutionen, Begleitung zu Arzt- und Klinikterminen \u2013 wo notwendig und gew\u00fcnscht<\/p>\n<p>[\/et_pb_blurb][et_pb_text _builder_version=&#187;4.27.4&#8243; _module_preset=&#187;default&#187; text_font=&#187;Sytax LT Bold|&#8211;et_global_heading_font_weight|||||||&#187; text_text_color=&#187;#000000&#8243; text_font_size=&#187;1.3rem&#187; text_line_height=&#187;1.4em&#187; header_3_text_color=&#187;#9B140E&#187; header_3_font_size=&#187;2.3rem&#187; background_size=&#187;initial&#187; background_position=&#187;top_left&#187; background_repeat=&#187;repeat&#187; custom_margin=&#187;14px||23px||false|false&#187; text_font_size_tablet=&#187;1.3rem&#187; text_font_size_phone=&#187;1.1rem&#187; text_font_size_last_edited=&#187;on|phone&#187; header_3_font_size_tablet=&#187;2.1rem&#187; header_3_font_size_phone=&#187;1.7rem&#187; header_3_font_size_last_edited=&#187;on|desktop&#187; locked=&#187;off&#187; global_colors_info=&#187;{}&#187;]<\/p>\n<p><span>Intern:<\/span><\/p>\n<p>[\/et_pb_text][et_pb_blurb use_icon=&#187;on&#187; font_icon=&#187;&#xe046;||divi||400&#8243; _builder_version=&#187;4.27.4&#8243; _module_preset=&#187;default&#187; global_colors_info=&#187;{}&#187;]<\/p>\n<p>Mit Zielvereinbarungen und offener Kommunikation<\/p>\n<p>[\/et_pb_blurb][et_pb_blurb use_icon=&#187;on&#187; font_icon=&#187;&#xe046;||divi||400&#8243; _builder_version=&#187;4.27.4&#8243; _module_preset=&#187;default&#187; locked=&#187;off&#187; global_colors_info=&#187;{}&#187;]<\/p>\n<p>a) f\u00f6rdern wir die Teamarbeit und nutzen die Kreativit\u00e4t der einzelnen Teammitglieder.<\/p>\n<p>[\/et_pb_blurb][et_pb_blurb use_icon=&#187;on&#187; font_icon=&#187;&#xe046;||divi||400&#8243; _builder_version=&#187;4.27.4&#8243; _module_preset=&#187;default&#187; locked=&#187;off&#187; global_colors_info=&#187;{}&#187;]<\/p>\n<p>b) delegieren wir Aufgaben, Kompetenzen und Verantwortung an die Angestellten.<\/p>\n<p>[\/et_pb_blurb][et_pb_blurb use_icon=&#187;on&#187; font_icon=&#187;&#xe046;||divi||400&#8243; _builder_version=&#187;4.27.4&#8243; _module_preset=&#187;default&#187; locked=&#187;off&#187; global_colors_info=&#187;{}&#187;]<\/p>\n<p>c) unterst\u00fctzen wir handlungsorientierte Weiterbildung.<\/p>\n<p>[\/et_pb_blurb][et_pb_text _builder_version=&#187;4.27.4&#8243; _module_preset=&#187;default&#187; text_font=&#187;Sytax LT Bold|&#8211;et_global_heading_font_weight|||||||&#187; text_text_color=&#187;#000000&#8243; text_font_size=&#187;1.3rem&#187; text_line_height=&#187;1.4em&#187; header_3_text_color=&#187;#9B140E&#187; header_3_font_size=&#187;2.3rem&#187; background_size=&#187;initial&#187; background_position=&#187;top_left&#187; background_repeat=&#187;repeat&#187; custom_margin=&#187;14px||23px||false|false&#187; text_font_size_tablet=&#187;1.3rem&#187; text_font_size_phone=&#187;1.1rem&#187; text_font_size_last_edited=&#187;on|phone&#187; header_3_font_size_tablet=&#187;2.1rem&#187; header_3_font_size_phone=&#187;1.7rem&#187; header_3_font_size_last_edited=&#187;on|desktop&#187; locked=&#187;off&#187; global_colors_info=&#187;{}&#187;]<\/p>\n<p><span>Extern:<\/span><\/p>\n<p>[\/et_pb_text][et_pb_blurb use_icon=&#187;on&#187; font_icon=&#187;&#xe046;||divi||400&#8243; _builder_version=&#187;4.27.4&#8243; _module_preset=&#187;default&#187; locked=&#187;off&#187; global_colors_info=&#187;{}&#187;]<\/p>\n<p>Zur Optimierung unserer Dienstleistungen arbeiten wir eng vernetzt mit den Sozialdiensten zusammen, ebenso mit \u00f6ffentlichen und privatwirtschaftlichen Immobilienverwaltungen sowie mit unseren Partnern im Gesundheitsbereich.<\/p>\n<p>[\/et_pb_blurb][et_pb_blurb use_icon=&#187;on&#187; font_icon=&#187;&#xe046;||divi||400&#8243; _builder_version=&#187;4.27.4&#8243; _module_preset=&#187;default&#187; custom_margin=&#187;0px||15px||false|false&#187; locked=&#187;off&#187; global_colors_info=&#187;{}&#187;]<\/p>\n<p>Casansotra ist Teil vom DSI ( Dachverband sozialer Institutionen Biel Region), der Wohnkonferenz Kanton Bern und Teil der Genossenschaftsbewegung Biel Region.<\/p>\n<p>[\/et_pb_blurb][et_pb_blurb use_icon=&#187;on&#187; font_icon=&#187;&#xe046;||divi||400&#8243; _builder_version=&#187;4.27.4&#8243; _module_preset=&#187;default&#187; custom_margin=&#187;0px||15px||false|false&#187; locked=&#187;off&#187; global_colors_info=&#187;{}&#187;]<\/p>\n<p>Der Umgang mit unseren Kostentr\u00e4gern und Partnern basiert auf Wertsch\u00e4tzung und gegenseitigem Respekt.<\/p>\n<p>[\/et_pb_blurb][et_pb_blurb use_icon=&#187;on&#187; font_icon=&#187;&#xe046;||divi||400&#8243; _builder_version=&#187;4.27.4&#8243; _module_preset=&#187;default&#187; custom_margin=&#187;0px||25px||false|false&#187; locked=&#187;off&#187; global_colors_info=&#187;{}&#187;]<\/p>\n<p>Die Verbindlichkeit unserer Zusammenarbeit sichern wir durch Mietvertr\u00e4ge und Zielvereinbarungen ab.<\/p>\n<p>[\/et_pb_blurb][et_pb_blurb url=&#187;https:\/\/staging.casanostra-biel.ch\/wp-content\/uploads\/2018\/10\/Leitbild.pdf&#187; url_new_window=&#187;on&#187; use_icon=&#187;on&#187; font_icon=&#187;&#xe092;||divi||400&#8243; _builder_version=&#187;4.27.4&#8243; _module_preset=&#187;bf5aa682-012b-412f-8e05-0a060be12516&#8243; custom_margin=&#187;||0px||false|false&#187; link_option_url=&#187;https:\/\/casanhttps:\/\/staging.casanostra-biel.ch\/wp-content\/uploads\/2018\/10\/Leitbild.pdfostra-biel.ch\/wp-content\/uploads\/2018\/10\/Leitbild.pdf&#187; link_option_url_new_window=&#187;on&#187; locked=&#187;off&#187; global_colors_info=&#187;{}&#187;]<\/p>\n<p style=\"text-align: left;\"><span style=\"text-decoration: underline;\"><span style=\"color: #000000;\"><a href=\"https:\/\/staging.casanostra-biel.ch\/wp-content\/uploads\/2018\/10\/Leitbild.pdf\" target=\"_blank\" rel=\"noopener\" style=\"color: #000000;\"><strong>Leitbild<\/strong><\/a><\/span><\/span><\/p>\n<p>[\/et_pb_blurb][\/et_pb_column][\/et_pb_row][\/et_pb_section]<\/p>\n","protected":false},"excerpt":{"rendered":"<p><div class=\"et_pb_module dsm_breadcrumbs dsm_breadcrumbs_0\">\n\t\t\t\t\n\t\t\t\t\n\t\t\t\t\n\t\t\t\t\n\t\t\t\t\n\t\t\t\t\n\t\t\t\t<div class=\"et_pb_module_inner\">\n\t\t\t\t\t<nav class=\"dsm_breadcrumbs_wrap\">\n\t\t\t\t<ul class=\"dsm_breadcrumbs\" itemscope itemtype=\"https:\/\/schema.org\/BreadcrumbList\">\t\t\t<li class=\"dsm_breadcrumbs_item dsm_home_item dsm_home_item_custom\" itemprop=\"itemListElement\" itemscope\n\t\t\titemtype=\"https:\/\/schema.org\/ListItem\">\n\t\t\t\t<a href=\"https:\/\/staging.casanostra-biel.ch\/fr\" itemprop=\"item\" target=\"\">\n\t\t\t\t\t<span class='dsm_home_text_wrapper'>\n\t\t\t\t\t\t\t\t\t\t\t\t\t<span class=\"dsm_home_text\" itemprop=\"name\">\n\t\t\t\t\t\t\t\tHome\t\t\t\t\t\t\t<\/span>\n\t\t\t\t\t<\/span>\n\t\t\t\t<\/a>\n\t\t\t\t<meta itemprop=\"position\" content=\"1\" \/>\n\t\t\t<\/li>\n\n\t\t<li class=\"dsm_breadcrumbs_separator\"> <span class=\"et-pb-icon dsm_separator_icon\">&#x35;<\/span><\/li><\/ul>\n\t\t\t<\/nav>\n\t\t\t\t<\/div>\n\t\t\t<\/div>Wir sind dem Schutz der Menschenw\u00fcrde und den Menschenrechten verpflichtet. Wir setzen uns ein f\u00fcr das Recht auf menschenw\u00fcrdiges Wohnen, wenn Menschen nicht selber in der Lage dazu sind, dieses Recht wahrzunehmen. In unserer Arbeit nehmen wir eine politische Verantwortung wahr, die sich aus den gesetzlichen Bestimmungen des Bundes ergibt, des Kantons Bern und der Stadt Biel.Casanostra, ein gemeinn\u00fctziger Verein mit Sitz in Biel, ist eine soziale Immobilienverwaltung mit professioneller Wohnbegleitung.Wir bieten Wohnraum f\u00fcr wohnungslose oder von Wohnungslosigkeit bedrohte Menschen in der Stadt Biel. Eine Wohnung ist eine wichtige Voraussetzung f\u00fcr eine stabile Lebenssituation. Mit unserer Sozialarbeit f\u00f6rdern wir die Wohnkompetenz der Kundinnen und Kunden sowie deren soziale Inklusion. Wir erhalten die Substanz der Wohnungen, die in unserem Besitz sind. Wir passen unsere Dienstleistungen laufend dem sich ver\u00e4ndernden Wohnbedarf an.Casanostra richtet sich an vollj\u00e4hrige Menschen mit Lebensmittelpunkt in Biel, die aufgrund ihrer Voraussetzungen keine Wohnung finden.Wir f\u00f6rdern, erhalten und evaluieren mit den begleitenden Personen die Wohnkompetenzen. Casanostra setzt keine Abstinenz voraus.Sie k\u00f6nnen ihren Haushalt in unseren Wohnungen so f\u00fchren, dass sie sich und andere nicht unzumutbar st\u00f6ren [&hellip;]<\/p>\n","protected":false},"author":6,"featured_media":0,"parent":176,"menu_order":0,"comment_status":"closed","ping_status":"closed","template":"","meta":{"_et_pb_use_builder":"on","_et_pb_old_content":"","_et_gb_content_width":"","footnotes":""},"class_list":["post-6683","page","type-page","status-publish","hentry"],"_links":{"self":[{"href":"https:\/\/staging.casanostra-biel.ch\/fr\/wp-json\/wp\/v2\/pages\/6683","targetHints":{"allow":["GET"]}}],"collection":[{"href":"https:\/\/staging.casanostra-biel.ch\/fr\/wp-json\/wp\/v2\/pages"}],"about":[{"href":"https:\/\/staging.casanostra-biel.ch\/fr\/wp-json\/wp\/v2\/types\/page"}],"author":[{"embeddable":true,"href":"https:\/\/staging.casanostra-biel.ch\/fr\/wp-json\/wp\/v2\/users\/6"}],"replies":[{"embeddable":true,"href":"https:\/\/staging.casanostra-biel.ch\/fr\/wp-json\/wp\/v2\/comments?post=6683"}],"version-history":[{"count":0,"href":"https:\/\/staging.casanostra-biel.ch\/fr\/wp-json\/wp\/v2\/pages\/6683\/revisions"}],"up":[{"embeddable":true,"href":"https:\/\/staging.casanostra-biel.ch\/fr\/wp-json\/wp\/v2\/pages\/176"}],"wp:attachment":[{"href":"https:\/\/staging.casanostra-biel.ch\/fr\/wp-json\/wp\/v2\/media?parent=6683"}],"curies":[{"name":"wp","href":"https:\/\/api.w.org\/{rel}","templated":true}]}}