{"id":31,"date":"2017-02-20T16:10:07","date_gmt":"2017-02-20T16:10:07","guid":{"rendered":"https:\/\/casanostra-biel.ch\/?page_id=31"},"modified":"2025-04-11T09:42:23","modified_gmt":"2025-04-11T08:42:23","slug":"contact","status":"publish","type":"page","link":"https:\/\/staging.casanostra-biel.ch\/fr\/contact\/","title":{"rendered":"Contact"},"content":{"rendered":"<p>[et_pb_section fb_built=&#187;1&#8243; module_class=&#187;hero-section&#187; _builder_version=&#187;4.27.4&#8243; _module_preset=&#187;default&#187; background_color=&#187;RGBA(255,255,255,0)&#187; background_image=&#187;https:\/\/staging.casanostra-biel.ch\/wp-content\/uploads\/2025\/04\/Casanostra-Kontakt.jpg&#187; width_tablet=&#187;&#187; width_phone=&#187;&#187; width_last_edited=&#187;on|phone&#187; max_width_tablet=&#187;&#187; max_width_phone=&#187;&#187; max_width_last_edited=&#187;on|phone&#187; height=&#187;50vh&#187; height_tablet=&#187;40vh&#187; height_phone=&#187;33vh&#187; height_last_edited=&#187;on|tablet&#187; bottom_divider_style=&#187;curve&#187; bottom_divider_color=&#187;gcid-secondary-color&#187; bottom_divider_height=&#187;30px&#187; bottom_divider_height_tablet=&#187;20px&#187; bottom_divider_height_phone=&#187;7px&#187; bottom_divider_height_last_edited=&#187;on|desktop&#187; hover_enabled=&#187;0&#8243; background_last_edited=&#187;on|phone&#187; parallax_phone=&#187;off&#187; background_size_phone=&#187;custom&#187; background_image_width_phone=&#187;100%&#187; background_image_height_phone=&#187;100%&#187; background_blend_phone=&#187;normal&#187; custom_css_free_form=&#187;.selector {|| display: flex;|| justify-content: center; \/* Horizontally centers content *\/|| align-items: center; \/* Vertically centers content *\/||}&#187; global_colors_info=&#187;{%22gcid-secondary-color%22:%91%22bottom_divider_color%22,%22bottom_divider_color%22%93}&#187; sticky_enabled=&#187;0&#8243;][\/et_pb_section][et_pb_section fb_built=&#187;1&#8243; disabled_on=&#187;on|off|off&#187; _builder_version=&#187;4.27.4&#8243; _module_preset=&#187;default&#187; background_color=&#187;gcid-secondary-color&#187; custom_margin=&#187;0px||0px||false|false&#187; custom_padding=&#187;0px||0px||false|false&#187; border_color_bottom=&#187;#9B140E&#187; global_colors_info=&#187;{%22gcid-secondary-color%22:%91%22background_color%22%93}&#187;][et_pb_row _builder_version=&#187;4.27.3&#8243; _module_preset=&#187;default&#187; width=&#187;100%&#187; max_width=&#187;100%&#187; custom_margin=&#187;0px||0px||false|false&#187; custom_padding=&#187;10px||0px||false|false&#187; global_colors_info=&#187;{}&#187;][et_pb_column type=&#187;4_4&#8243; _builder_version=&#187;4.27.3&#8243; _module_preset=&#187;default&#187; global_colors_info=&#187;{}&#187;][dsm_breadcrumbs show_home_icon=&#187;off&#187; separator_icon=&#187;&#x35;||divi||400&#8243; items_bg_color=&#187;#C75C42&#8243; items_padding=&#187;0px|15px|0px|15px|true|true&#187; current_padding=&#187;0px|0px|0px|0px|false|false&#187; _builder_version=&#187;4.27.4&#8243; _module_preset=&#187;default&#187; items_text_color=&#187;#FFFFFF&#187; items_font_size=&#187;1rem&#187; separators_text_color=&#187;#AB5B47&#8243; current_font=&#187;Sytax LT Bold||||||||&#187; current_text_color=&#187;#3A2F2A&#187; current_font_size=&#187;1rem&#187; custom_margin=&#187;0px||0px|0px|false|false&#187; custom_padding=&#187;0px||0px|5%|false|false&#187; border_radii_items=&#187;on|200px|200px|200px|200px&#187; global_colors_info=&#187;{}&#187; items_text_color__hover_enabled=&#187;off|desktop&#187; current_bg_color__hover_enabled=&#187;on|hover&#187; items_bg_color__hover_enabled=&#187;off|hover&#187; current_bg_color__hover=&#187;RGBA(255,255,255,0)&#187;][\/dsm_breadcrumbs][\/et_pb_column][\/et_pb_row][\/et_pb_section][et_pb_section fb_built=&#187;1&#8243; _builder_version=&#187;4.27.4&#8243; _module_preset=&#187;default&#187; background_color=&#187;#fce7c5&#8243; custom_padding=&#187;||0px||false|false&#187; bottom_divider_color=&#187;#FDF4E4&#8243; bottom_divider_height=&#187;15px&#187; bottom_divider_height_tablet=&#187;15px&#187; bottom_divider_height_phone=&#187;5px&#187; bottom_divider_height_last_edited=&#187;on|phone&#187; border_color_bottom=&#187;#B5836D&#187; global_colors_info=&#187;{%22gcid-heading-color%22:%91%22next_background_color%22%93,%22gcid-secondary-color%22:%91%22background_color%22%93}&#187;][et_pb_row _builder_version=&#187;4.27.3&#8243; _module_preset=&#187;default&#187; custom_padding=&#187;||2px|||&#187; global_colors_info=&#187;{}&#187;][et_pb_column type=&#187;4_4&#8243; _builder_version=&#187;4.27.3&#8243; _module_preset=&#187;default&#187; global_colors_info=&#187;{}&#187;][et_pb_heading title=&#187;Wie man mit Casanostra in Kontakt treten kann&#187; _builder_version=&#187;4.27.4&#8243; _module_preset=&#187;default&#187; title_text_color=&#187;#AB5B47&#8243; title_font_size=&#187;6rem&#187; title_font_size_tablet=&#187;4.2rem&#187; title_font_size_phone=&#187;3.2rem&#187; title_font_size_last_edited=&#187;on|phone&#187; global_colors_info=&#187;{}&#187;][\/et_pb_heading][\/et_pb_column][\/et_pb_row][et_pb_row column_structure=&#187;1_3,1_3,1_3&#8243; _builder_version=&#187;4.27.4&#8243; _module_preset=&#187;default&#187; global_colors_info=&#187;{}&#187;][et_pb_column type=&#187;1_3&#8243; _builder_version=&#187;4.27.4&#8243; _module_preset=&#187;default&#187; global_colors_info=&#187;{}&#187;][et_pb_blurb title=&#187;Adresse&#187; use_icon=&#187;on&#187; font_icon=&#187;&#xf3c5;||fa||900&#8243; _builder_version=&#187;4.27.4&#8243; _module_preset=&#187;default&#187; header_text_color=&#187;#000000&#8243; global_colors_info=&#187;{}&#187;]<\/p>\n<p><span>Casanostra<\/span><br \/><span>Verein f\u00fcr Wohnhilfe<\/span><br \/><span>A. Hallerstrasse 11<\/span><br \/><span>Postfach 335<\/span><br \/><span>2501 Biel-Bienne<\/span><\/p>\n<p>[\/et_pb_blurb][\/et_pb_column][et_pb_column type=&#187;1_3&#8243; _builder_version=&#187;4.27.4&#8243; _module_preset=&#187;default&#187; global_colors_info=&#187;{}&#187;][et_pb_blurb title=&#187;Telefon:&#187; use_icon=&#187;on&#187; font_icon=&#187;&#xf879;||fa||900&#8243; _builder_version=&#187;4.27.4&#8243; _module_preset=&#187;default&#187; header_text_color=&#187;#000000&#8243; global_colors_info=&#187;{}&#187;]<\/p>\n<p><span>032 323 13 13<\/span><\/p>\n<p><span>Das Sekretariat steht Ihnen f\u00fcr telefonische Ausk\u00fcnfte gerne zur Verf\u00fcgung.<\/span><\/p>\n<p>[\/et_pb_blurb][\/et_pb_column][et_pb_column type=&#187;1_3&#8243; _builder_version=&#187;4.27.4&#8243; _module_preset=&#187;default&#187; global_colors_info=&#187;{}&#187;][et_pb_blurb title=&#187;E-Mail&#187; use_icon=&#187;on&#187; font_icon=&#187;&#xf0e0;||fa||900&#8243; _builder_version=&#187;4.27.4&#8243; _module_preset=&#187;default&#187; header_text_color=&#187;#000000&#8243; global_colors_info=&#187;{}&#187;]<\/p>\n<p><span>F\u00fcr Ihre Fragen, Bemerkungen und Anregungen via Mail ben\u00fctzen Sie bitte das unten stehende Kontaktformular oder mailen Sie uns direkt an:<\/span><\/p>\n<p><span style=\"text-decoration: underline;\"><span style=\"color: #000000;\"><a href=\"mailto:info@casanostra-biel.ch\" style=\"color: #000000;\"><strong><span style=\"display:inline;unicode-bidi:bidi-override;direction:rtl;\" class=\"\">hc.leib-artsonasac<span style=\"display:none;\">obfsctd-6660a0<\/span>&#64;ofni<\/span><\/strong><\/a><\/span><\/span><\/p>\n<p>[\/et_pb_blurb][\/et_pb_column][\/et_pb_row][\/et_pb_section][et_pb_section fb_built=&#187;1&#8243; _builder_version=&#187;4.27.4&#8243; _module_preset=&#187;default&#187; background_color=&#187;gcid-d823f88d-be8d-4eee-a393-0d5b6c37c1f0&#8243; custom_padding=&#187;0px||0px||false|false&#187; bottom_divider_color=&#187;#FDF4E4&#8243; bottom_divider_height=&#187;15px&#187; bottom_divider_height_tablet=&#187;15px&#187; bottom_divider_height_phone=&#187;5px&#187; bottom_divider_height_last_edited=&#187;on|phone&#187; border_color_bottom=&#187;#B5836D&#187; locked=&#187;off&#187; global_colors_info=&#187;{%22gcid-heading-color%22:%91%22next_background_color%22%93,%22gcid-d823f88d-be8d-4eee-a393-0d5b6c37c1f0%22:%91%22background_color%22%93}&#187;][et_pb_row _builder_version=&#187;4.27.4&#8243; _module_preset=&#187;default&#187; global_colors_info=&#187;{}&#187;][et_pb_column type=&#187;4_4&#8243; _builder_version=&#187;4.27.4&#8243; _module_preset=&#187;default&#187; global_colors_info=&#187;{}&#187;][et_pb_heading title=&#187;\u00d6ffnungszeiten&#187; _builder_version=&#187;4.27.4&#8243; _module_preset=&#187;default&#187; title_level=&#187;h2&#8243; title_text_align=&#187;left&#187; module_alignment=&#187;center&#187; hover_enabled=&#187;0&#8243; global_colors_info=&#187;{}&#187; title_text_color=&#187;#AB5B47&#8243; sticky_enabled=&#187;0&#8243;][\/et_pb_heading][dsm_business_hours separator_style=&#187;dotted&#187; divider_style=&#187;solid&#187; divider_weight=&#187;2px&#187; divider_color=&#187;#AB5B47&#8243; item_padding=&#187;10px||||false|false&#187; _builder_version=&#187;4.27.4&#8243; _module_preset=&#187;default&#187; text_font=&#187;|700|||||||&#187; text_text_color=&#187;#AB5B47&#8243; text_font_size=&#187;1.3rem&#187; width=&#187;75%&#187; width_tablet=&#187;50%&#187; width_phone=&#187;100%&#187; width_last_edited=&#187;on|phone&#187; max_width_tablet=&#187;&#187; max_width_phone=&#187;&#187; max_width_last_edited=&#187;on|desktop&#187; module_alignment=&#187;left&#187; text_font_size_tablet=&#187;1.3rem&#187; text_font_size_phone=&#187;1.1rem&#187; text_font_size_last_edited=&#187;on|phone&#187; global_colors_info=&#187;{}&#187;][dsm_business_hours_child time=&#187;08.15 \u2013 12.00 Uhr&#187; title=&#187;Montag&#187; _builder_version=&#187;4.27.4&#8243; _module_preset=&#187;default&#187; global_colors_info=&#187;{}&#187;][\/dsm_business_hours_child][dsm_business_hours_child time=&#187;10.00 \u2013 12.00 Uhr&#187; title=&#187;Dienstag&#187; _builder_version=&#187;4.27.4&#8243; _module_preset=&#187;default&#187; global_colors_info=&#187;{}&#187;][\/dsm_business_hours_child][dsm_business_hours_child time=&#187;\t08.15 \u2013 12.00 Uhr&#187; title=&#187;Mittwoch&#187; _builder_version=&#187;4.27.4&#8243; _module_preset=&#187;default&#187; global_colors_info=&#187;{}&#187;][\/dsm_business_hours_child][dsm_business_hours_child time=&#187;\t08.15 \u2013 12.00 Uhr&#187; title=&#187;Donnerstag&#187; _builder_version=&#187;4.27.4&#8243; _module_preset=&#187;default&#187; global_colors_info=&#187;{}&#187;][\/dsm_business_hours_child][dsm_business_hours_child time=&#187;08.15 \u2013 12.00 Uhr&#187; title=&#187;Freitag&#187; _builder_version=&#187;4.27.4&#8243; _module_preset=&#187;default&#187; global_colors_info=&#187;{}&#187;][\/dsm_business_hours_child][\/dsm_business_hours][et_pb_text _builder_version=&#187;4.27.4&#8243; _module_preset=&#187;default&#187; global_colors_info=&#187;{}&#187;]<\/p>\n<p><span>Ausserhalb dieser B\u00fcrozeiten k\u00f6nnen Sie uns auch eine Nachricht hinterlassen.<\/span><\/p>\n<p>[\/et_pb_text][\/et_pb_column][\/et_pb_row][\/et_pb_section]<\/p>\n","protected":false},"excerpt":{"rendered":"<p><div class=\"et_pb_module dsm_breadcrumbs dsm_breadcrumbs_0\">\n\t\t\t\t\n\t\t\t\t\n\t\t\t\t\n\t\t\t\t\n\t\t\t\t\n\t\t\t\t\n\t\t\t\t<div class=\"et_pb_module_inner\">\n\t\t\t\t\t<nav class=\"dsm_breadcrumbs_wrap\">\n\t\t\t\t<ul class=\"dsm_breadcrumbs\" itemscope itemtype=\"https:\/\/schema.org\/BreadcrumbList\">\t\t\t<li class=\"dsm_breadcrumbs_item dsm_home_item dsm_home_item_custom\" itemprop=\"itemListElement\" itemscope\n\t\t\titemtype=\"https:\/\/schema.org\/ListItem\">\n\t\t\t\t<a href=\"https:\/\/staging.casanostra-biel.ch\/fr\" itemprop=\"item\" target=\"\">\n\t\t\t\t\t<span class='dsm_home_text_wrapper'>\n\t\t\t\t\t\t\t\t\t\t\t\t\t<span class=\"dsm_home_text\" itemprop=\"name\">\n\t\t\t\t\t\t\t\tAccueil\t\t\t\t\t\t\t<\/span>\n\t\t\t\t\t<\/span>\n\t\t\t\t<\/a>\n\t\t\t\t<meta itemprop=\"position\" content=\"1\" \/>\n\t\t\t<\/li>\n\n\t\t<li class=\"dsm_breadcrumbs_separator\"> <span class=\"et-pb-icon dsm_separator_icon\">5<\/span><\/li><\/ul>\n\t\t\t<\/nav>\n\t\t\t\t<\/div>\n\t\t\t<\/div>CasanostraVerein f\u00fcr WohnhilfeA. Hallerstrasse 11Postfach 3352501 Biel-Bienne032 323 13 13 Das Sekretariat steht Ihnen f\u00fcr telefonische Ausk\u00fcnfte gerne zur Verf\u00fcgung.F\u00fcr Ihre Fragen, Bemerkungen und Anregungen via Mail ben\u00fctzen Sie bitte das unten stehende Kontaktformular oder mailen Sie uns direkt an: info@casanostra-biel.ch<div class=\"et_pb_module dsm_business_hours dsm_business_hours_0\">\n\t\t\t\t\n\t\t\t\t\n\t\t\t\t\n\t\t\t\t\n\t\t\t\t\n\t\t\t\t\n\t\t\t\t<div class=\"et_pb_module_inner\">\n\t\t\t\t\t<div class=\"et_pb_module dsm_business_hours_child dsm_business_hours_child_0\">\n\t\t\t\t\n\t\t\t\t\n\t\t\t\t\n\t\t\t\t\n\t\t\t\t\n\t\t\t\t\n\t\t\t\t<div class=\"et_pb_module_inner\">\n\t\t\t\t\t\n\t\t\t\n\t\t\t<div class=\"dsm_business_hours_item_wrapper\">\n\t\t\t\t<div class=\"dsm-business-hours-header\">\n\t\t\t\t\t<div class=\"dsm-business-hours-day\">Lundi<\/div>\n\t\t\t\t\t<div class=\"dsm-business-hours-separator\"><\/div>\n\t\t\t\t\t<div class=\"dsm-business-hours-time\">08h15 \u2013 12h00<\/div>\n\t\t\t\t<\/div>\n\t\t\t<\/div>\n\t\t\t\t<\/div>\n\t\t\t<\/div><div class=\"et_pb_module dsm_business_hours_child dsm_business_hours_child_1\">\n\t\t\t\t\n\t\t\t\t\n\t\t\t\t\n\t\t\t\t\n\t\t\t\t\n\t\t\t\t\n\t\t\t\t<div class=\"et_pb_module_inner\">\n\t\t\t\t\t\n\t\t\t\n\t\t\t<div class=\"dsm_business_hours_item_wrapper\">\n\t\t\t\t<div class=\"dsm-business-hours-header\">\n\t\t\t\t\t<div class=\"dsm-business-hours-day\">Mardi<\/div>\n\t\t\t\t\t<div class=\"dsm-business-hours-separator\"><\/div>\n\t\t\t\t\t<div class=\"dsm-business-hours-time\">10h00 \u2013 12h00<\/div>\n\t\t\t\t<\/div>\n\t\t\t<\/div>\n\t\t\t\t<\/div>\n\t\t\t<\/div><div class=\"et_pb_module dsm_business_hours_child dsm_business_hours_child_2\">\n\t\t\t\t\n\t\t\t\t\n\t\t\t\t\n\t\t\t\t\n\t\t\t\t\n\t\t\t\t\n\t\t\t\t<div class=\"et_pb_module_inner\">\n\t\t\t\t\t\n\t\t\t\n\t\t\t<div class=\"dsm_business_hours_item_wrapper\">\n\t\t\t\t<div class=\"dsm-business-hours-header\">\n\t\t\t\t\t<div class=\"dsm-business-hours-day\">Mercredi<\/div>\n\t\t\t\t\t<div class=\"dsm-business-hours-separator\"><\/div>\n\t\t\t\t\t<div class=\"dsm-business-hours-time\"> 08h15 \u2013 12h00<\/div>\n\t\t\t\t<\/div>\n\t\t\t<\/div>\n\t\t\t\t<\/div>\n\t\t\t<\/div><div class=\"et_pb_module dsm_business_hours_child dsm_business_hours_child_3\">\n\t\t\t\t\n\t\t\t\t\n\t\t\t\t\n\t\t\t\t\n\t\t\t\t\n\t\t\t\t\n\t\t\t\t<div class=\"et_pb_module_inner\">\n\t\t\t\t\t\n\t\t\t\n\t\t\t<div class=\"dsm_business_hours_item_wrapper\">\n\t\t\t\t<div class=\"dsm-business-hours-header\">\n\t\t\t\t\t<div class=\"dsm-business-hours-day\">Jeudi<\/div>\n\t\t\t\t\t<div class=\"dsm-business-hours-separator\"><\/div>\n\t\t\t\t\t<div class=\"dsm-business-hours-time\"> 08h15 \u2013 12h00<\/div>\n\t\t\t\t<\/div>\n\t\t\t<\/div>\n\t\t\t\t<\/div>\n\t\t\t<\/div><div class=\"et_pb_module dsm_business_hours_child dsm_business_hours_child_4\">\n\t\t\t\t\n\t\t\t\t\n\t\t\t\t\n\t\t\t\t\n\t\t\t\t\n\t\t\t\t\n\t\t\t\t<div class=\"et_pb_module_inner\">\n\t\t\t\t\t\n\t\t\t\n\t\t\t<div class=\"dsm_business_hours_item_wrapper\">\n\t\t\t\t<div class=\"dsm-business-hours-header\">\n\t\t\t\t\t<div class=\"dsm-business-hours-day\">Vendredi<\/div>\n\t\t\t\t\t<div class=\"dsm-business-hours-separator\"><\/div>\n\t\t\t\t\t<div class=\"dsm-business-hours-time\">08h15 \u2013 12h00<\/div>\n\t\t\t\t<\/div>\n\t\t\t<\/div>\n\t\t\t\t<\/div>\n\t\t\t<\/div>\n\t\t\t\t<\/div>\n\t\t\t<\/div>En dehors des horaires d\u2019ouverture, veuillez nous laisser un message.<\/p>","protected":false},"author":4,"featured_media":32,"parent":0,"menu_order":0,"comment_status":"closed","ping_status":"closed","template":"","meta":{"_et_pb_use_builder":"on","_et_pb_old_content":"<div class=\"field field-name-body field-type-text-with-summary field-label-hidden\">\r\n<div class=\"field-items\">\r\n<div class=\"field-item even\">\r\n\r\n<strong>Adresse<\/strong>\r\nCasanostra\r\nVerein f\u00fcr Wohnhilfe\r\nA. Hallerstrasse 11\r\nPostfach 335\r\n2501 Biel-Bienne\r\n\r\n<strong>Telefon:<\/strong> 032 323 13 13\r\n<strong><a href=\"mailto:info@casanostra-biel.ch\">info@casanostra-biel.ch<\/a><\/strong>\r\n\r\nF\u00fcr Ihre Fragen, Bemerkungen und Anregungen via Mail ben\u00fctzen Sie bitte das unten stehende Kontaktformular oder mailen Sie uns direkt an: <a href=\"mailto:info@casanostra-biel.ch\"><strong>info@casanostra-biel.ch<\/strong><\/a>.\r\n\r\nDas Sekretariat steht Ihnen f\u00fcr telefonische Ausk\u00fcnfte gerne zur Verf\u00fcgung.\r\n\r\n<strong>\u00d6ffnungszeiten<\/strong>\r\n<table>\r\n<tbody>\r\n<tr>\r\n<td><strong>Mo<\/strong><\/td>\r\n<td>08.15 - 12.00 Uhr<\/td>\r\n<\/tr>\r\n<tr>\r\n<td><strong>Di<\/strong><\/td>\r\n<td>10.00 - 12.00 Uhr<\/td>\r\n<\/tr>\r\n<tr>\r\n<td><strong>Mi<\/strong><\/td>\r\n<td>08.15 - 12.00 Uhr<\/td>\r\n<\/tr>\r\n<tr>\r\n<td><strong>Do<\/strong><\/td>\r\n<td>08.15 - 12.00 Uhr<\/td>\r\n<\/tr>\r\n<tr>\r\n<td><strong>Fr<\/strong><\/td>\r\n<td>08.15 - 12.00 Uhr<\/td>\r\n<\/tr>\r\n<\/tbody>\r\n<\/table>\r\nAusserhalb dieser B\u00fcrozeiten k\u00f6nnen Sie uns auch eine Nachricht hinterlassen.\r\n\r\n<\/div>\r\n\u00a0\r\n\r\n\u00a0\r\n\r\n<\/div>\r\n<\/div>","_et_gb_content_width":"","footnotes":""},"class_list":["post-31","page","type-page","status-publish","has-post-thumbnail","hentry"],"_links":{"self":[{"href":"https:\/\/staging.casanostra-biel.ch\/fr\/wp-json\/wp\/v2\/pages\/31","targetHints":{"allow":["GET"]}}],"collection":[{"href":"https:\/\/staging.casanostra-biel.ch\/fr\/wp-json\/wp\/v2\/pages"}],"about":[{"href":"https:\/\/staging.casanostra-biel.ch\/fr\/wp-json\/wp\/v2\/types\/page"}],"author":[{"embeddable":true,"href":"https:\/\/staging.casanostra-biel.ch\/fr\/wp-json\/wp\/v2\/users\/4"}],"replies":[{"embeddable":true,"href":"https:\/\/staging.casanostra-biel.ch\/fr\/wp-json\/wp\/v2\/comments?post=31"}],"version-history":[{"count":0,"href":"https:\/\/staging.casanostra-biel.ch\/fr\/wp-json\/wp\/v2\/pages\/31\/revisions"}],"wp:featuredmedia":[{"embeddable":true,"href":"https:\/\/staging.casanostra-biel.ch\/fr\/wp-json\/wp\/v2\/media\/32"}],"wp:attachment":[{"href":"https:\/\/staging.casanostra-biel.ch\/fr\/wp-json\/wp\/v2\/media?parent=31"}],"curies":[{"name":"wp","href":"https:\/\/api.w.org\/{rel}","templated":true}]}}