{"id":233822,"date":"2025-07-22T16:05:19","date_gmt":"2025-07-22T15:05:19","guid":{"rendered":"https:\/\/staging.casanostra-biel.ch\/?page_id=233822"},"modified":"2025-07-22T16:32:03","modified_gmt":"2025-07-22T15:32:03","slug":"statuts","status":"publish","type":"page","link":"https:\/\/staging.casanostra-biel.ch\/fr\/association\/statuts\/","title":{"rendered":"Statuts"},"content":{"rendered":"<p>[et_pb_section fb_built=&#187;1&#8243; next_background_color=&#187;gcid-secondary-color&#187; _builder_version=&#187;4.27.4&#8243; _module_preset=&#187;default&#187; background_color=&#187;#AB5B47&#8243; bottom_divider_style=&#187;curve&#187; bottom_divider_height=&#187;30px&#187; bottom_divider_height_tablet=&#187;20px&#187; bottom_divider_height_phone=&#187;7px&#187; bottom_divider_height_last_edited=&#187;on|phone&#187; global_colors_info=&#187;{}&#187;][et_pb_row _builder_version=&#187;4.27.4&#8243; _module_preset=&#187;default&#187; global_colors_info=&#187;{}&#187;][et_pb_column type=&#187;4_4&#8243; _builder_version=&#187;4.27.4&#8243; _module_preset=&#187;default&#187; global_colors_info=&#187;{}&#187;][et_pb_heading title=&#187;Unsere Statuten&#187; _builder_version=&#187;4.27.4&#8243; _module_preset=&#187;default&#187; title_text_color=&#187;#FFFFFF&#187; title_font_size=&#187;6rem&#187; title_font_size_tablet=&#187;4.5rem&#187; title_font_size_phone=&#187;3rem&#187; title_font_size_last_edited=&#187;on|phone&#187; global_colors_info=&#187;{}&#187;][\/et_pb_heading][\/et_pb_column][\/et_pb_row][\/et_pb_section][et_pb_section fb_built=&#187;1&#8243; disabled_on=&#187;on|off|off&#187; _builder_version=&#187;4.27.4&#8243; _module_preset=&#187;default&#187; background_color=&#187;gcid-secondary-color&#187; custom_margin=&#187;0px||0px||false|false&#187; custom_padding=&#187;0px||0px||false|false&#187; border_color_bottom=&#187;#9B140E&#187; global_colors_info=&#187;{%22gcid-secondary-color%22:%91%22background_color%22%93}&#187;][et_pb_row _builder_version=&#187;4.27.3&#8243; _module_preset=&#187;default&#187; width=&#187;100%&#187; max_width=&#187;100%&#187; custom_margin=&#187;0px||0px||false|false&#187; custom_padding=&#187;10px||0px||false|false&#187; global_colors_info=&#187;{}&#187;][et_pb_column type=&#187;4_4&#8243; _builder_version=&#187;4.27.3&#8243; _module_preset=&#187;default&#187; global_colors_info=&#187;{}&#187;][dsm_breadcrumbs show_home_icon=&#187;off&#187; separator_icon=&#187;&#x35;||divi||400&#8243; items_bg_color=&#187;#C75C42&#8243; items_padding=&#187;0px|15px|0px|15px|true|true&#187; current_padding=&#187;0px|0px|0px|0px|false|false&#187; _builder_version=&#187;4.27.4&#8243; _module_preset=&#187;default&#187; items_text_color=&#187;#FFFFFF&#187; items_font_size=&#187;1rem&#187; separators_text_color=&#187;#AB5B47&#8243; current_font=&#187;Sytax LT Bold||||||||&#187; current_text_color=&#187;#3A2F2A&#187; current_font_size=&#187;1rem&#187; custom_margin=&#187;0px||0px|0px|false|false&#187; custom_padding=&#187;0px||0px|5%|false|false&#187; border_radii_items=&#187;on|200px|200px|200px|200px&#187; global_colors_info=&#187;{}&#187; items_text_color__hover_enabled=&#187;off|desktop&#187; current_bg_color__hover_enabled=&#187;on|hover&#187; items_bg_color__hover_enabled=&#187;off|hover&#187; current_bg_color__hover=&#187;RGBA(255,255,255,0)&#187;][\/dsm_breadcrumbs][\/et_pb_column][\/et_pb_row][\/et_pb_section][et_pb_section fb_built=&#187;1&#8243; next_background_color=&#187;#AB5B47&#8243; _builder_version=&#187;4.27.4&#8243; background_color=&#187;#FCE7C5&#8243; custom_padding=&#187;13px||103px|||&#187; bottom_divider_style=&#187;curve&#187; bottom_divider_height=&#187;30px&#187; bottom_divider_height_tablet=&#187;20px&#187; bottom_divider_height_phone=&#187;7px&#187; bottom_divider_height_last_edited=&#187;on|desktop&#187; global_colors_info=&#187;{}&#187;][et_pb_row _builder_version=&#187;4.27.3&#8243; _module_preset=&#187;default&#187; custom_padding=&#187;||3px|||&#187; locked=&#187;off&#187; global_colors_info=&#187;{}&#187;][et_pb_column type=&#187;4_4&#8243; _builder_version=&#187;4.27.3&#8243; _module_preset=&#187;default&#187; global_colors_info=&#187;{}&#187;][et_pb_heading title=&#187;Art. 1 Name und Sitz&#187; _builder_version=&#187;4.27.4&#8243; _module_preset=&#187;default&#187; title_level=&#187;h2&#8243; title_text_color=&#187;#AB5B47&#8243; global_colors_info=&#187;{}&#187;][\/et_pb_heading][et_pb_text _builder_version=&#187;4.27.4&#8243; _module_preset=&#187;default&#187; hover_enabled=&#187;0&#8243; global_colors_info=&#187;{}&#187; sticky_enabled=&#187;0&#8243;]<\/p>\n<p>Unter dem Namen Casanostra Verein besteht ein Verein nach Art. 60 ff ZGB mit Sitz in Biel\/Bienne<\/p>\n<p>[\/et_pb_text][et_pb_heading title=&#187;Art. 2 Vereinszweck&#187; _builder_version=&#187;4.27.4&#8243; _module_preset=&#187;default&#187; title_level=&#187;h2&#8243; title_text_color=&#187;#AB5B47&#8243; locked=&#187;off&#187; global_colors_info=&#187;{}&#187;][\/et_pb_heading][et_pb_text _builder_version=&#187;4.27.4&#8243; _module_preset=&#187;default&#187; hover_enabled=&#187;0&#8243; global_colors_info=&#187;{}&#187; sticky_enabled=&#187;0&#8243;]<\/p>\n<p>Casanostra vermietet Wohnraum an wohnungslose oder von Wohnungslosigkeit bedrohte Menschen auf der Basis der Kostenmiete und erf\u00fcllt damit eine Gemeindeaufgabe. Als Immobilienverwaltung mit professioneller Sozialarbeit ist sie sowohl im Sozialbereich als auch im gemeinn\u00fctzigen Wohnungsbau t\u00e4tig. Zu diesem Zweck ist Casanostra Mitglied im<br \/>Schweizerischen Verband f\u00fcr Wohnungswesen (SVW) und gleichzeitig Vertragspartner der \u00f6ffentlichen Hand. Die T\u00e4tigkeit des Vereins ist gemeinn\u00fctzig und nicht gewinnstrebig.<\/p>\n<p>[\/et_pb_text][et_pb_heading title=&#187;Art. 3 Mittel&#187; _builder_version=&#187;4.27.4&#8243; _module_preset=&#187;default&#187; title_level=&#187;h2&#8243; title_text_color=&#187;#AB5B47&#8243; locked=&#187;off&#187; global_colors_info=&#187;{}&#187;][\/et_pb_heading][et_pb_text _builder_version=&#187;4.27.4&#8243; _module_preset=&#187;default&#187; global_colors_info=&#187;{}&#187; sticky_enabled=&#187;0&#8243;]<\/p>\n<p><strong>Der Zweck wird insbesondere erreicht durch:<\/strong><\/p>\n<ul>\n<li>\n<p class=\"p1\">Erwerb von geeigneten Liegenschaften; Die Grundst\u00fccke, H\u00e4user und Wohnungen des Vereins sind nur mit 2\/3 Mehrheit der Mitgliederversammlung verk\u00e4uflich.<\/p>\n<\/li>\n<li>\n<p class=\"p1\">Miete von dezentralem Wohnraum zur Untervermietung Zimmer- und Wohnungsvermietung zur Obdachsicherung<\/p>\n<\/li>\n<li>\n<p class=\"p1\">Sozialarbeit zur F\u00f6rderung der Wohnkompetenz der Mieter innen und Mieter sowie deren soziale Integration<\/p>\n<\/li>\n<li>\n<p class=\"p1\">Vernetzung im Immobilien- und Sozialbereich sowie \u00d6ffentlichkeitsarbeit.<\/p>\n<\/li>\n<\/ul>\n<p>[\/et_pb_text][et_pb_heading title=&#187;Art. 3 Mittel&#187; _builder_version=&#187;4.27.4&#8243; _module_preset=&#187;default&#187; title_level=&#187;h2&#8243; title_text_color=&#187;#AB5B47&#8243; locked=&#187;off&#187; global_colors_info=&#187;{}&#187;][\/et_pb_heading][et_pb_text _builder_version=&#187;4.27.4&#8243; _module_preset=&#187;default&#187; global_colors_info=&#187;{}&#187; sticky_enabled=&#187;0&#8243;]<\/p>\n<p><strong>Der Zweck wird insbesondere erreicht durch:<\/strong><\/p>\n<ul>\n<li>\n<p class=\"p1\">Erwerb von geeigneten Liegenschaften; Die Grundst\u00fccke, H\u00e4user und Wohnungen des Vereins sind nur mit 2\/3 Mehrheit der Mitgliederversammlung verk\u00e4uflich.<\/p>\n<\/li>\n<li>\n<p class=\"p1\">Miete von dezentralem Wohnraum zur Untervermietung Zimmer- und Wohnungsvermietung zur Obdachsicherung<\/p>\n<\/li>\n<li>\n<p class=\"p1\">Sozialarbeit zur F\u00f6rderung der Wohnkompetenz der Mieter innen und Mieter sowie deren soziale Integration<\/p>\n<\/li>\n<li>\n<p class=\"p1\">Vernetzung im Immobilien- und Sozialbereich sowie \u00d6ffentlichkeitsarbeit.<\/p>\n<\/li>\n<\/ul>\n<p>[\/et_pb_text][et_pb_heading title=&#187;Art. 4 Mitglieder&#187; _builder_version=&#187;4.27.4&#8243; _module_preset=&#187;default&#187; title_level=&#187;h2&#8243; title_text_color=&#187;#AB5B47&#8243; hover_enabled=&#187;0&#8243; locked=&#187;off&#187; global_colors_info=&#187;{}&#187; sticky_enabled=&#187;0&#8243;][\/et_pb_heading][et_pb_text _builder_version=&#187;4.27.4&#8243; _module_preset=&#187;default&#187; global_colors_info=&#187;{}&#187; sticky_enabled=&#187;0&#8243; hover_enabled=&#187;0&#8243;]<\/p>\n<ul>\n<li class=\"p1\">Nat\u00fcrliche<span class=\"s1\"> <\/span>und<span class=\"s1\"> <\/span>juristische<span class=\"s1\"> <\/span>Personen,<span class=\"s1\"> <\/span>welche<span class=\"s1\"> <\/span>die<span class=\"s1\"> <\/span>Vereinsziele<span class=\"s1\"> <\/span>unterst\u00fctzen,<span class=\"s1\"> <\/span>k\u00f6nnen <span class=\"s2\">Mitglied werden.<\/span><\/li>\n<li class=\"p1\"><span class=\"s3\">4.2<\/span><span class=\"s4\"> <\/span><span class=\"s3\">4.3<\/span><span class=\"s4\"> <\/span>Die Aufnahme erfolgt durch den Vorstand auf ein schriftliches<span class=\"s1\"> <\/span>Beitrittsgesuch hin.<\/li>\n<li class=\"p1\">Der Austritt erfolgt durch schriftliche K\u00fcndigung auf Ende des Gesch\u00e4ftsjahres.<\/li>\n<\/ul>\n<p>[\/et_pb_text][et_pb_heading title=&#187;Art. 5 Organe&#187; _builder_version=&#187;4.27.4&#8243; _module_preset=&#187;default&#187; title_level=&#187;h2&#8243; title_text_color=&#187;#AB5B47&#8243; hover_enabled=&#187;0&#8243; locked=&#187;off&#187; global_colors_info=&#187;{}&#187; sticky_enabled=&#187;0&#8243;][\/et_pb_heading][et_pb_text _builder_version=&#187;4.27.4&#8243; _module_preset=&#187;default&#187; global_colors_info=&#187;{}&#187; sticky_enabled=&#187;0&#8243; hover_enabled=&#187;0&#8243;]<\/p>\n<p class=\"p1\"><strong>Die Organe des Vereins sind:<\/strong><\/p>\n<ul>\n<li class=\"p2\">Die Mitgliederversammlung (MV)<\/li>\n<li class=\"p2\">Der Vorstand (VS)<\/li>\n<li class=\"p2\">Die<span class=\"s3\"> <\/span>Gesch\u00e4ftsstelle<span class=\"s3\"> <\/span>(GST)<\/li>\n<li class=\"p2\">Die Revisionsstelle<\/li>\n<\/ul>\n<p>[\/et_pb_text][et_pb_heading title=&#187;Art. 6 Amtsdauer&#187; _builder_version=&#187;4.27.4&#8243; _module_preset=&#187;default&#187; title_level=&#187;h2&#8243; title_text_color=&#187;#AB5B47&#8243; hover_enabled=&#187;0&#8243; locked=&#187;off&#187; global_colors_info=&#187;{}&#187; sticky_enabled=&#187;0&#8243;][\/et_pb_heading][et_pb_text _builder_version=&#187;4.27.4&#8243; _module_preset=&#187;default&#187; global_colors_info=&#187;{}&#187; sticky_enabled=&#187;0&#8243; hover_enabled=&#187;0&#8243;]<\/p>\n<p class=\"p1\">Der Vorstand und die Revisionsstelle werden f\u00fcr die Dauer von zwei Jahren gew\u00e4hlt.<\/p>\n<p>[\/et_pb_text][et_pb_heading title=&#187;Art. 7 Mitgliederversammlung&#187; _builder_version=&#187;4.27.4&#8243; _module_preset=&#187;default&#187; title_level=&#187;h2&#8243; title_text_color=&#187;#AB5B47&#8243; hover_enabled=&#187;0&#8243; locked=&#187;off&#187; global_colors_info=&#187;{}&#187; sticky_enabled=&#187;0&#8243;][\/et_pb_heading][et_pb_text _builder_version=&#187;4.27.4&#8243; _module_preset=&#187;default&#187; global_colors_info=&#187;{}&#187; sticky_enabled=&#187;0&#8243; hover_enabled=&#187;0&#8243;]<\/p>\n<ul>\n<li>Die Mitgliederversammlung bildet das oberste Organ des Vereins.<\/li>\n<li>Nat\u00fcrliche und juristische Personen haben je eine Stimme.<\/li>\n<li>Die Mitgliederversammlung findet mindestens einmal j\u00e4hrlich statt.<\/li>\n<li>Sie hat gem\u00e4ss Art. 65 ZGB folgende Zust\u00e4ndigkeit:\n<ul>\n<li>\n<p class=\"p1\">Die Wahl des\/der Pr\u00e4sident\/in und des\/der Vizepr\u00e4sident\/in<\/p>\n<\/li>\n<li>\n<p class=\"p1\">Die Wahl der Vorstandsmitglieder<\/p>\n<\/li>\n<li>\n<p class=\"p1\">Die Wahl der Revisionsstelle<\/p>\n<\/li>\n<li>\n<p class=\"p1\">Die Genehmigung des Jahresberichts, der Rechnung und des Budgets<\/p>\n<\/li>\n<li>\n<p class=\"p1\">Festsetzung des Mitgliederbeitrags<\/p>\n<\/li>\n<li>\n<p class=\"p1\">Die Beschlussfassung \u00fcber Antrage von Mitgliedern, des Vorstandes, der Revisionsstelle und der Gesch\u00e4ftsstelle<\/p>\n<\/li>\n<li>\n<p class=\"p1\">Die \u00c4nderung der Statuten nach vorg\u00e4ngiger Genehmigung des Bundesamtes f\u00fcr Wohnungswesen (BWO) und des Leitbildes<\/p>\n<\/li>\n<li>\n<p class=\"p1\">Der Entscheid \u00fcber die Aufl\u00f6sung und die Liquidation des Vereins (mit der Zustimmung des Gemeinderates der Stadt Biel, Art 13)<\/p>\n<\/li>\n<\/ul>\n<\/li>\n<\/ul>\n<p>[\/et_pb_text][et_pb_heading title=&#187;Art. 8 Vorstand&#187; _builder_version=&#187;4.27.4&#8243; _module_preset=&#187;default&#187; title_level=&#187;h2&#8243; title_text_color=&#187;#AB5B47&#8243; hover_enabled=&#187;0&#8243; locked=&#187;off&#187; global_colors_info=&#187;{}&#187; sticky_enabled=&#187;0&#8243;][\/et_pb_heading][et_pb_text _builder_version=&#187;4.27.4&#8243; _module_preset=&#187;default&#187; global_colors_info=&#187;{}&#187; sticky_enabled=&#187;0&#8243; hover_enabled=&#187;0&#8243;]<\/p>\n<ul>\n<li class=\"p1\">Der Vorstand besteht aus mindestens drei Mitgliedern.<\/li>\n<li class=\"p2\">Der<span class=\"s1\"> <\/span>Vorstand<span class=\"s1\"> <\/span>tr\u00e4gt<span class=\"s1\"> <\/span>die<span class=\"s1\"> <\/span>Gesamtverantwortung<span class=\"s1\"> <\/span>f\u00fcr<span class=\"s1\"> <\/span>die<span class=\"s1\"> <\/span>T\u00e4tigkeiten<span class=\"s1\"> <\/span>des<span class=\"s1\"> <\/span>Vereins.<\/li>\n<li class=\"p1\">Der Vorstand erl\u00e4sst ein Gesch\u00e4ftsreglement, das die Grunds\u00e4tze der F\u00fchrung und der<\/li>\n<li class=\"p1\">Organisation des Vereins beinhaltet. Die Ausrichtung von Tantiemen ist ausgeschlossen.<\/li>\n<\/ul>\n<p>[\/et_pb_text][et_pb_heading title=&#187;Art. 9 Gesch\u00e4ftsstelle&#187; _builder_version=&#187;4.27.4&#8243; _module_preset=&#187;default&#187; title_level=&#187;h2&#8243; title_text_color=&#187;#AB5B47&#8243; hover_enabled=&#187;0&#8243; locked=&#187;off&#187; global_colors_info=&#187;{}&#187; sticky_enabled=&#187;0&#8243;][\/et_pb_heading][et_pb_text _builder_version=&#187;4.27.4&#8243; _module_preset=&#187;default&#187; global_colors_info=&#187;{}&#187; sticky_enabled=&#187;0&#8243; hover_enabled=&#187;0&#8243;]<\/p>\n<p>Die Gesch\u00e4ftsstelle erf\u00fcllt die operativen Aufgaben gem\u00e4ss Gesch\u00e4ftsreglement. Sie besteht aus professionellen Mitarbeiterinnen und Mitarbeitern. Die Wahl des\/der Gesch\u00e4ftsleiter\/in erfolgt durch den Vorstand.<\/p>\n<p>[\/et_pb_text][et_pb_heading title=&#187;Art. 10 Revisionsstelle&#187; _builder_version=&#187;4.27.4&#8243; _module_preset=&#187;default&#187; title_level=&#187;h2&#8243; title_text_color=&#187;#AB5B47&#8243; hover_enabled=&#187;0&#8243; locked=&#187;off&#187; global_colors_info=&#187;{}&#187; sticky_enabled=&#187;0&#8243;][\/et_pb_heading][et_pb_text _builder_version=&#187;4.27.4&#8243; _module_preset=&#187;default&#187; global_colors_info=&#187;{}&#187; sticky_enabled=&#187;0&#8243; hover_enabled=&#187;0&#8243;]<\/p>\n<p>Die Mitgliederversammlung w\u00e4hlt eine Revisionsstelle auf die Dauer von zwei Jahren. Unterliegt der Verein keiner gesetzlichen Revisionspflicht, kann die Mitgliederversammlung eine Kontrollstelle (oder eine Rechnungspr\u00fcfung) w\u00e4hlen oder eine pr\u00fcferische Durchsicht veranlassen.<\/p>\n<p>[\/et_pb_text][et_pb_heading title=&#187;Art. 11 Finanzen&#187; _builder_version=&#187;4.27.4&#8243; _module_preset=&#187;default&#187; title_level=&#187;h2&#8243; title_text_color=&#187;#AB5B47&#8243; hover_enabled=&#187;0&#8243; locked=&#187;off&#187; global_colors_info=&#187;{}&#187; sticky_enabled=&#187;0&#8243;][\/et_pb_heading][et_pb_text _builder_version=&#187;4.27.4&#8243; _module_preset=&#187;default&#187; global_colors_info=&#187;{}&#187; sticky_enabled=&#187;0&#8243; hover_enabled=&#187;0&#8243;]<\/p>\n<p>Die finanziellen Mittel werden haupts\u00e4chlich durch Miet- und Dienstleistungsertr\u00e4ge, sowie Beitr\u00e4ge der<br \/>\u00f6ffentlichen Hand beschafft.<\/p>\n<p>Die Jahresrechnung besteht aus Erfolgsrechnung und Bilanz und wird nach den Grunds\u00e4tzen der ordnungsgem\u00e4ssen Rechnungslegung so aufgestellt, dass die Verm\u00f6gens- und Ertragslage des Vereins zuverl\u00e4ssig beurteilt werden kann. Sie enth\u00e4lt auch die Vorjahreszahlen. Massgebend sind die Art. 662 \u2014 670 OR. Leistungen von Bund, Kanton und Gemeinden sind offen auszuweisen.<\/p>\n<p>[\/et_pb_text][et_pb_heading title=&#187;Art. 12 Haftung&#187; _builder_version=&#187;4.27.4&#8243; _module_preset=&#187;default&#187; title_level=&#187;h2&#8243; title_text_color=&#187;#AB5B47&#8243; hover_enabled=&#187;0&#8243; locked=&#187;off&#187; global_colors_info=&#187;{}&#187; sticky_enabled=&#187;0&#8243;][\/et_pb_heading][et_pb_text _builder_version=&#187;4.27.4&#8243; _module_preset=&#187;default&#187; global_colors_info=&#187;{}&#187; sticky_enabled=&#187;0&#8243; hover_enabled=&#187;0&#8243;]<\/p>\n<p>F\u00fcr die Verbindlichkeiten des Vereins haftet ausschliesslich das Vereinsverm\u00f6gen. Der Mitgliederbeitrag bildet die einzige finanzielle Verpflichtung der Mitglieder.<\/p>\n<p>[\/et_pb_text][et_pb_heading title=&#187;Art. 13 Aufl\u00f6sung\/Fusion&#187; _builder_version=&#187;4.27.4&#8243; _module_preset=&#187;default&#187; title_level=&#187;h2&#8243; title_text_color=&#187;#AB5B47&#8243; hover_enabled=&#187;0&#8243; locked=&#187;off&#187; global_colors_info=&#187;{}&#187; sticky_enabled=&#187;0&#8243;][\/et_pb_heading][et_pb_text _builder_version=&#187;4.27.4&#8243; _module_preset=&#187;default&#187; global_colors_info=&#187;{}&#187; sticky_enabled=&#187;0&#8243; hover_enabled=&#187;0&#8243;]<\/p>\n<p>Der Verein kann durch eine Mitgliederversammlung mit 3\/4 Mehrheit der Vereinsmitglieder aufgel\u00f6st werden oder fusionieren. Eine Fusion kann nur mit einer anderen wegen Gemeinn\u00fctzigkeit oder \u00f6ffentlichen Zwecks von der Steuerpflicht befreiten juristischen Person mit Sitz in der Schweiz erfolgen. Im Fall einer Aufl\u00f6sung werden Gewinn und Kapital einer anderen wegen Gemeinn\u00fctzigkeit oder \u00f6ffentlichen Zwecks steuerbefreiten juristischen Person mit Sitz in der Schweiz zu gewendet. Die Zustimmung des Gemeinderates der Stadt Biel\/Bienne ist einzuholen. Abweichende Bestimmungen der Wohnbauf\u00f6rderung von Bund, Kanton, Gemeinden oder deren Anstalten bleiben vorbehalten.<\/p>\n<p>[\/et_pb_text][et_pb_text _builder_version=&#187;4.27.4&#8243; _module_preset=&#187;default&#187; global_colors_info=&#187;{}&#187; sticky_enabled=&#187;0&#8243; hover_enabled=&#187;0&#8243;]<\/p>\n<p class=\"p1\">Biel\/Bienne,<span class=\"s1\"> <\/span>13. November<span class=\"s1\"> <\/span>1990<\/p>\n<p class=\"p2\">Revision am 28.4.2010, 10.11.2010<\/p>\n<p class=\"p2\">Revision Artikel 13, 6.2.2013<\/p>\n<p class=\"p2\">Revision Artikel 8.2 am 5.9.23 AoMV<\/p>\n<p>[\/et_pb_text][\/et_pb_column][\/et_pb_row][\/et_pb_section]<\/p>\n","protected":false},"excerpt":{"rendered":"<p><div class=\"et_pb_module dsm_breadcrumbs dsm_breadcrumbs_0\">\n\t\t\t\t\n\t\t\t\t\n\t\t\t\t\n\t\t\t\t\n\t\t\t\t\n\t\t\t\t\n\t\t\t\t<div class=\"et_pb_module_inner\">\n\t\t\t\t\t<nav class=\"dsm_breadcrumbs_wrap\">\n\t\t\t\t<ul class=\"dsm_breadcrumbs\" itemscope itemtype=\"https:\/\/schema.org\/BreadcrumbList\">\t\t\t<li class=\"dsm_breadcrumbs_item dsm_home_item dsm_home_item_custom\" itemprop=\"itemListElement\" itemscope\n\t\t\titemtype=\"https:\/\/schema.org\/ListItem\">\n\t\t\t\t<a href=\"https:\/\/staging.casanostra-biel.ch\/fr\" itemprop=\"item\" target=\"\">\n\t\t\t\t\t<span class='dsm_home_text_wrapper'>\n\t\t\t\t\t\t\t\t\t\t\t\t\t<span class=\"dsm_home_text\" itemprop=\"name\">\n\t\t\t\t\t\t\t\tHome\t\t\t\t\t\t\t<\/span>\n\t\t\t\t\t<\/span>\n\t\t\t\t<\/a>\n\t\t\t\t<meta itemprop=\"position\" content=\"1\" \/>\n\t\t\t<\/li>\n\n\t\t<li class=\"dsm_breadcrumbs_separator\"> <span class=\"et-pb-icon dsm_separator_icon\">&#x35;<\/span><\/li><\/ul>\n\t\t\t<\/nav>\n\t\t\t\t<\/div>\n\t\t\t<\/div>Unter dem Namen Casanostra Verein besteht ein Verein nach Art. 60 ff ZGB mit Sitz in Biel\/BienneCasanostra vermietet Wohnraum an wohnungslose oder von Wohnungslosigkeit bedrohte Menschen auf der Basis der Kostenmiete und erf\u00fcllt damit eine Gemeindeaufgabe. Als Immobilienverwaltung mit professioneller Sozialarbeit ist sie sowohl im Sozialbereich als auch im gemeinn\u00fctzigen Wohnungsbau t\u00e4tig. Zu diesem Zweck ist Casanostra Mitglied imSchweizerischen Verband f\u00fcr Wohnungswesen (SVW) und gleichzeitig Vertragspartner der \u00f6ffentlichen Hand. Die T\u00e4tigkeit des Vereins ist gemeinn\u00fctzig und nicht gewinnstrebig.Der Zweck wird insbesondere erreicht durch: Erwerb von geeigneten Liegenschaften; Die Grundst\u00fccke, H\u00e4user und Wohnungen des Vereins sind nur mit 2\/3 Mehrheit der Mitgliederversammlung verk\u00e4uflich. Miete von dezentralem Wohnraum zur Untervermietung Zimmer- und Wohnungsvermietung zur Obdachsicherung Sozialarbeit zur F\u00f6rderung der Wohnkompetenz der Mieter innen und Mieter sowie deren soziale Integration Vernetzung im Immobilien- und Sozialbereich sowie \u00d6ffentlichkeitsarbeit. Der Zweck wird insbesondere erreicht durch: Erwerb von geeigneten Liegenschaften; Die Grundst\u00fccke, H\u00e4user und Wohnungen des Vereins sind nur mit 2\/3 Mehrheit der Mitgliederversammlung verk\u00e4uflich. Miete von dezentralem Wohnraum zur Untervermietung Zimmer- und Wohnungsvermietung zur Obdachsicherung Sozialarbeit zur F\u00f6rderung der Wohnkompetenz der Mieter [&hellip;]<\/p>\n","protected":false},"author":2,"featured_media":0,"parent":176,"menu_order":0,"comment_status":"closed","ping_status":"closed","template":"","meta":{"_et_pb_use_builder":"on","_et_pb_old_content":"","_et_gb_content_width":"","footnotes":""},"class_list":["post-233822","page","type-page","status-publish","hentry"],"_links":{"self":[{"href":"https:\/\/staging.casanostra-biel.ch\/fr\/wp-json\/wp\/v2\/pages\/233822","targetHints":{"allow":["GET"]}}],"collection":[{"href":"https:\/\/staging.casanostra-biel.ch\/fr\/wp-json\/wp\/v2\/pages"}],"about":[{"href":"https:\/\/staging.casanostra-biel.ch\/fr\/wp-json\/wp\/v2\/types\/page"}],"author":[{"embeddable":true,"href":"https:\/\/staging.casanostra-biel.ch\/fr\/wp-json\/wp\/v2\/users\/2"}],"replies":[{"embeddable":true,"href":"https:\/\/staging.casanostra-biel.ch\/fr\/wp-json\/wp\/v2\/comments?post=233822"}],"version-history":[{"count":0,"href":"https:\/\/staging.casanostra-biel.ch\/fr\/wp-json\/wp\/v2\/pages\/233822\/revisions"}],"up":[{"embeddable":true,"href":"https:\/\/staging.casanostra-biel.ch\/fr\/wp-json\/wp\/v2\/pages\/176"}],"wp:attachment":[{"href":"https:\/\/staging.casanostra-biel.ch\/fr\/wp-json\/wp\/v2\/media?parent=233822"}],"curies":[{"name":"wp","href":"https:\/\/api.w.org\/{rel}","templated":true}]}}