{"id":189,"date":"2017-02-25T15:10:44","date_gmt":"2017-02-25T15:10:44","guid":{"rendered":"https:\/\/casanostra-biel.ch\/?page_id=189"},"modified":"2025-04-13T10:51:07","modified_gmt":"2025-04-13T09:51:07","slug":"histoire","status":"publish","type":"page","link":"https:\/\/staging.casanostra-biel.ch\/fr\/association\/histoire\/","title":{"rendered":"Histoire"},"content":{"rendered":"<p>[et_pb_section fb_built=&#187;1&#8243; next_background_color=&#187;gcid-secondary-color&#187; _builder_version=&#187;4.27.4&#8243; _module_preset=&#187;default&#187; background_color=&#187;#AB5B47&#8243; bottom_divider_style=&#187;curve&#187; bottom_divider_height=&#187;30px&#187; bottom_divider_height_tablet=&#187;20px&#187; bottom_divider_height_phone=&#187;7px&#187; bottom_divider_height_last_edited=&#187;on|phone&#187; hover_enabled=&#187;0&#8243; global_colors_info=&#187;{}&#187; sticky_enabled=&#187;0&#8243;][et_pb_row _builder_version=&#187;4.27.4&#8243; _module_preset=&#187;default&#187; global_colors_info=&#187;{}&#187;][et_pb_column type=&#187;4_4&#8243; _builder_version=&#187;4.27.4&#8243; _module_preset=&#187;default&#187; global_colors_info=&#187;{}&#187;][et_pb_heading title=&#187;Wie wir wurden, was wir sind&#187; _builder_version=&#187;4.27.4&#8243; _module_preset=&#187;default&#187; title_text_color=&#187;#FFFFFF&#187; title_font_size=&#187;6rem&#187; hover_enabled=&#187;0&#8243; title_font_size_tablet=&#187;4.5rem&#187; title_font_size_phone=&#187;3rem&#187; title_font_size_last_edited=&#187;on|phone&#187; global_colors_info=&#187;{}&#187; sticky_enabled=&#187;0&#8243;][\/et_pb_heading][\/et_pb_column][\/et_pb_row][\/et_pb_section][et_pb_section fb_built=&#187;1&#8243; disabled_on=&#187;on|off|off&#187; _builder_version=&#187;4.27.4&#8243; _module_preset=&#187;default&#187; background_color=&#187;gcid-secondary-color&#187; custom_margin=&#187;0px||0px||false|false&#187; custom_padding=&#187;0px||0px||false|false&#187; border_color_bottom=&#187;#9B140E&#187; global_colors_info=&#187;{%22gcid-secondary-color%22:%91%22background_color%22%93}&#187;][et_pb_row _builder_version=&#187;4.27.3&#8243; _module_preset=&#187;default&#187; width=&#187;100%&#187; max_width=&#187;100%&#187; custom_margin=&#187;0px||0px||false|false&#187; custom_padding=&#187;10px||0px||false|false&#187; global_colors_info=&#187;{}&#187;][et_pb_column type=&#187;4_4&#8243; _builder_version=&#187;4.27.3&#8243; _module_preset=&#187;default&#187; global_colors_info=&#187;{}&#187;][dsm_breadcrumbs show_home_icon=&#187;off&#187; separator_icon=&#187;&#x35;||divi||400&#8243; items_bg_color=&#187;#C75C42&#8243; items_padding=&#187;0px|15px|0px|15px|true|true&#187; current_padding=&#187;0px|0px|0px|0px|false|false&#187; _builder_version=&#187;4.27.4&#8243; _module_preset=&#187;default&#187; items_text_color=&#187;#FFFFFF&#187; items_font_size=&#187;1rem&#187; separators_text_color=&#187;#AB5B47&#8243; current_font=&#187;Sytax LT Bold||||||||&#187; current_text_color=&#187;#3A2F2A&#187; current_font_size=&#187;1rem&#187; custom_margin=&#187;0px||0px|0px|false|false&#187; custom_padding=&#187;0px||0px|5%|false|false&#187; border_radii_items=&#187;on|200px|200px|200px|200px&#187; global_colors_info=&#187;{}&#187; items_text_color__hover_enabled=&#187;off|desktop&#187; current_bg_color__hover_enabled=&#187;on|hover&#187; items_bg_color__hover_enabled=&#187;off|hover&#187; current_bg_color__hover=&#187;RGBA(255,255,255,0)&#187;][\/dsm_breadcrumbs][\/et_pb_column][\/et_pb_row][\/et_pb_section][et_pb_section fb_built=&#187;1&#8243; next_background_color=&#187;#AB5B47&#8243; _builder_version=&#187;4.27.4&#8243; background_color=&#187;#FCE7C5&#8243; custom_padding=&#187;||103px|||&#187; bottom_divider_style=&#187;curve&#187; bottom_divider_height=&#187;30px&#187; bottom_divider_height_tablet=&#187;20px&#187; bottom_divider_height_phone=&#187;7px&#187; bottom_divider_height_last_edited=&#187;on|phone&#187; hover_enabled=&#187;0&#8243; global_colors_info=&#187;{}&#187; sticky_enabled=&#187;0&#8243;][et_pb_row _builder_version=&#187;4.27.3&#8243; _module_preset=&#187;default&#187; custom_padding=&#187;||3px|||&#187; locked=&#187;off&#187; global_colors_info=&#187;{}&#187;][et_pb_column type=&#187;4_4&#8243; _builder_version=&#187;4.27.3&#8243; _module_preset=&#187;default&#187; global_colors_info=&#187;{}&#187;][et_pb_text _builder_version=&#187;4.27.4&#8243; _module_preset=&#187;default&#187; text_font=&#187;Sytax LT Bold|&#8211;et_global_heading_font_weight|||||||&#187; text_text_color=&#187;#393E41&#8243; text_font_size=&#187;1.3rem&#187; text_line_height=&#187;1.4em&#187; header_3_text_color=&#187;#9B140E&#187; header_3_font_size=&#187;2.3rem&#187; background_size=&#187;initial&#187; background_position=&#187;top_left&#187; background_repeat=&#187;repeat&#187; text_font_size_tablet=&#187;1.3rem&#187; text_font_size_phone=&#187;1.1rem&#187; text_font_size_last_edited=&#187;on|phone&#187; header_3_font_size_tablet=&#187;2.1rem&#187; header_3_font_size_phone=&#187;1.7rem&#187; header_3_font_size_last_edited=&#187;on|desktop&#187; global_colors_info=&#187;{}&#187;]<\/p>\n<p><strong>In den\u00a0bald drei Jahrzehnten\u00a0seines Bestehens war Casanostra, der Verein f\u00fcr Wohnhilfe, immer wieder politischen Druckversuchen ausgesetzt.<\/strong><\/p>\n<p>[\/et_pb_text][et_pb_heading title=&#187; Die Geschichte und Bedeutung von Casanostra&#187; _builder_version=&#187;4.27.4&#8243; _module_preset=&#187;default&#187; title_level=&#187;h2&#8243; title_text_color=&#187;#AB5B47&#8243; global_colors_info=&#187;{}&#187;][\/et_pb_heading][et_pb_text _builder_version=&#187;4.27.4&#8243; _module_preset=&#187;default&#187; global_colors_info=&#187;{}&#187;]<\/p>\n<p>Der Verein f\u00fcr Wohnhilfe Casanostra hat nach der Gr\u00fcndung im Herbst 1990 seine operative T\u00e4tigkeit Anfang 1991 aufgenommen. Initiiert wurde der Verein durch die Sozialdirektion, die mit drei Vertretern aus den Abteilungen, Sozialdienst, Wohnungsamt und der Direktion selber im Vorstand Einsitz nahm. Die Leitungen von Sozialdienst und Wohnungsamt waren der festen \u00dcberzeugung, dass es einer spezialisierten Institution bedarf, um die Problematik der wohnungssuchenden Sozialhilfeklienten anzugehen.<\/p>\n<p>In der Wohnungsnot Ende der Achtzigerjahre fanden Sozialhilfeklienten keine Wohnungen, weil das Angebot knapp war und die Vermieter ihre Liegenschaften mit risikoarmen Mietern belegen konnten. Mit der Wirtschaftskrise der Neunzigerjahre und den Wohnungsleerbest\u00e4nden, die sie mit sich brachte, \u00e4nderte sich die Argumentation der Vermieter. Sie konnten keine risikoreichen Mieter ber\u00fccksichtigen, weil sie ihre \u00abguten Mieter\u00bb nicht vergraulen wollten, angesichts der zahlreichen Alternativen, die der Wohnungsmarkt bot. Bis heute wiederholen sich im Wirtschaftsauf- und -abschwung diese beiden Argumentationsmuster. So oder so: Sozial schwache Mietparteien haben es besonders schwer.<\/p>\n<p>Auch deshalb ist Casanostra, der Verein f\u00fcr Wohnhilfe, heute ein anerkannter und unverzichtbarer Leistungserbringer f\u00fcr die \u00f6ffentliche Hand. Unseren Verein binden zwei Vertr\u00e4ge mit der Stadt Biel, einer f\u00fcr die \u00abObdachsicherung mit Begleiteten Wohnformen\u00bb und einer f\u00fcr den \u00abNotwohnungsbereich\u00bb. Ausserdem nutzen die Stadt Biel ebenso wie die umliegenden Gemeinden unser neues Pr\u00e4ventionsangebot \u00abWohnfit\u00bb.<\/p>\n<p>[\/et_pb_text][\/et_pb_column][\/et_pb_row][et_pb_row column_structure=&#187;1_3,1_3,1_3&#8243; _builder_version=&#187;4.27.4&#8243; _module_preset=&#187;default&#187; custom_padding=&#187;||1px|||&#187; global_colors_info=&#187;{}&#187;][et_pb_column type=&#187;1_3&#8243; _builder_version=&#187;4.27.4&#8243; _module_preset=&#187;default&#187; global_colors_info=&#187;{}&#187;][et_pb_blurb image=&#187;https:\/\/staging.casanostra-biel.ch\/wp-content\/uploads\/2017\/03\/3.4.3_Geschichte_241x184_rgb.jpg&#187; icon_placement=&#187;top&#187; _builder_version=&#187;4.27.4&#8243; _module_preset=&#187;default&#187; body_text_align=&#187;center&#187; body_font_size_tablet=&#187;&#187; body_font_size_phone=&#187;&#187; body_font_size_last_edited=&#187;on|desktop&#187; border_radii_image=&#187;on|5px|5px|5px|5px&#187; border_color_right_image=&#187;#AB5B47&#8243; global_colors_info=&#187;{}&#187; border_style_right_image__hover_enabled=&#187;on|hover&#187; border_width_all_image__hover_enabled=&#187;on|hover&#187; border_width_right_image__hover_enabled=&#187;on|hover&#187; box_shadow_vertical_image__hover_enabled=&#187;on|hover&#187; box_shadow_vertical_image__hover=&#187;7px&#187;]<\/p>\n<h1 class=\"section-title\">Augenschein nach der Aufrichte: Der erste und gleich zeitig letzte kommunale Wohnungsbau der Stadt Biel.<\/h1>\n<p>[\/et_pb_blurb][\/et_pb_column][et_pb_column type=&#187;1_3&#8243; _builder_version=&#187;4.27.4&#8243; _module_preset=&#187;default&#187; global_colors_info=&#187;{}&#187;][et_pb_blurb image=&#187;https:\/\/staging.casanostra-biel.ch\/wp-content\/uploads\/2017\/03\/3.4.2_Geschichte_241x184_rgb.jpg&#187; icon_placement=&#187;top&#187; _builder_version=&#187;4.27.4&#8243; _module_preset=&#187;default&#187; body_text_align=&#187;center&#187; border_radii_image=&#187;on|5px|5px|5px|5px&#187; border_color_right_image=&#187;#AB5B47&#8243; global_colors_info=&#187;{}&#187; border_width_all_image__hover_enabled=&#187;on|hover&#187; border_width_right_image__hover_enabled=&#187;on|hover&#187; border_style_right_image__hover_enabled=&#187;on|hover&#187; box_shadow_vertical_image__hover=&#187;7px&#187; box_shadow_vertical_image__hover_enabled=&#187;on|hover&#187;]<\/p>\n<h1 class=\"section-title\">Hoch hinaus: Ein Pionierwerk nimmt Gestalt an.<\/h1>\n<p>[\/et_pb_blurb][\/et_pb_column][et_pb_column type=&#187;1_3&#8243; _builder_version=&#187;4.27.4&#8243; _module_preset=&#187;default&#187; global_colors_info=&#187;{}&#187;][et_pb_blurb image=&#187;https:\/\/staging.casanostra-biel.ch\/wp-content\/uploads\/2017\/03\/3.4.1_Geschichte_241x184_rgb.jpg&#187; icon_placement=&#187;top&#187; _builder_version=&#187;4.27.4&#8243; _module_preset=&#187;default&#187; body_text_align=&#187;center&#187; border_radii_image=&#187;on|5px|5px|5px|5px&#187; border_color_right_image=&#187;#AB5B47&#8243; global_colors_info=&#187;{}&#187; border_width_all_image__hover_enabled=&#187;on|hover&#187; border_width_right_image__hover_enabled=&#187;on|hover&#187; border_style_right_image__hover_enabled=&#187;on|hover&#187; box_shadow_vertical_image__hover=&#187;7px&#187; box_shadow_vertical_image__hover_enabled=&#187;on|hover&#187;]<\/p>\n<h1 class=\"section-title\">Handarbeit statt Maschinenpark: Bauarbeiten an der Wasenstrasse w\u00e4hrend dem Ersten Weltkrieg.<\/h1>\n<p>[\/et_pb_blurb][\/et_pb_column][\/et_pb_row][\/et_pb_section]<\/p>\n","protected":false},"excerpt":{"rendered":"<p><div class=\"et_pb_module dsm_breadcrumbs dsm_breadcrumbs_0\">\n\t\t\t\t\n\t\t\t\t\n\t\t\t\t\n\t\t\t\t\n\t\t\t\t\n\t\t\t\t\n\t\t\t\t<div class=\"et_pb_module_inner\">\n\t\t\t\t\t<nav class=\"dsm_breadcrumbs_wrap\">\n\t\t\t\t<ul class=\"dsm_breadcrumbs\" itemscope itemtype=\"https:\/\/schema.org\/BreadcrumbList\">\t\t\t<li class=\"dsm_breadcrumbs_item dsm_home_item dsm_home_item_custom\" itemprop=\"itemListElement\" itemscope\n\t\t\titemtype=\"https:\/\/schema.org\/ListItem\">\n\t\t\t\t<a href=\"https:\/\/staging.casanostra-biel.ch\/fr\" itemprop=\"item\" target=\"\">\n\t\t\t\t\t<span class='dsm_home_text_wrapper'>\n\t\t\t\t\t\t\t\t\t\t\t\t\t<span class=\"dsm_home_text\" itemprop=\"name\">\n\t\t\t\t\t\t\t\tHome\t\t\t\t\t\t\t<\/span>\n\t\t\t\t\t<\/span>\n\t\t\t\t<\/a>\n\t\t\t\t<meta itemprop=\"position\" content=\"1\" \/>\n\t\t\t<\/li>\n\n\t\t<li class=\"dsm_breadcrumbs_separator\"> <span class=\"et-pb-icon dsm_separator_icon\">&#x35;<\/span><\/li><\/ul>\n\t\t\t<\/nav>\n\t\t\t\t<\/div>\n\t\t\t<\/div>In den\u00a0bald drei Jahrzehnten\u00a0seines Bestehens war Casanostra, der Verein f\u00fcr Wohnhilfe, immer wieder politischen Druckversuchen ausgesetzt.Der Verein f\u00fcr Wohnhilfe Casanostra hat nach der Gr\u00fcndung im Herbst 1990 seine operative T\u00e4tigkeit Anfang 1991 aufgenommen. Initiiert wurde der Verein durch die Sozialdirektion, die mit drei Vertretern aus den Abteilungen, Sozialdienst, Wohnungsamt und der Direktion selber im Vorstand Einsitz nahm. Die Leitungen von Sozialdienst und Wohnungsamt waren der festen \u00dcberzeugung, dass es einer spezialisierten Institution bedarf, um die Problematik der wohnungssuchenden Sozialhilfeklienten anzugehen. In der Wohnungsnot Ende der Achtzigerjahre fanden Sozialhilfeklienten keine Wohnungen, weil das Angebot knapp war und die Vermieter ihre Liegenschaften mit risikoarmen Mietern belegen konnten. Mit der Wirtschaftskrise der Neunzigerjahre und den Wohnungsleerbest\u00e4nden, die sie mit sich brachte, \u00e4nderte sich die Argumentation der Vermieter. Sie konnten keine risikoreichen Mieter ber\u00fccksichtigen, weil sie ihre \u00abguten Mieter\u00bb nicht vergraulen wollten, angesichts der zahlreichen Alternativen, die der Wohnungsmarkt bot. Bis heute wiederholen sich im Wirtschaftsauf- und -abschwung diese beiden Argumentationsmuster. So oder so: Sozial schwache Mietparteien haben es besonders schwer. Auch deshalb ist Casanostra, der Verein f\u00fcr Wohnhilfe, heute ein [&hellip;]<\/p>\n","protected":false},"author":4,"featured_media":191,"parent":176,"menu_order":0,"comment_status":"closed","ping_status":"closed","template":"","meta":{"_et_pb_use_builder":"on","_et_pb_old_content":"<strong>In den\u00a0bald drei Jahrzehnten\u00a0seines Bestehens war Casanostra, der Verein f\u00fcr Wohnhilfe, immer wieder politischen Druckversuchen ausgesetzt. <\/strong>\r\n\r\nDer Verein f\u00fcr Wohnhilfe Casanostra hat nach der Gr\u00fcndung im Herbst 1990 seine operative T\u00e4tigkeit Anfang 1991 aufgenommen. Initiiert wurde der Verein durch die Sozialdirektion, die mit drei Vertretern aus den Abteilungen, Sozialdienst, Wohnungsamt und der Direktion selber im Vorstand Einsitz nahm. Die Leitungen von Sozialdienst und Wohnungsamt waren der festen \u00dcberzeugung, dass es einer spezialisierten Institution bedarf, um die Problematik der wohnungssuchenden Sozialhilfeklienten anzugehen.\r\n\r\nIn der Wohnungsnot Ende der Achtzigerjahre fanden Sozialhilfeklienten keine Wohnungen, weil das Angebot knapp war und die Vermieter ihre Liegenschaften mit risikoarmen Mietern belegen konnten. Mit der Wirtschaftskrise der Neunzigerjahre und den Wohnungsleerbest\u00e4nden, die sie mit sich brachte, \u00e4nderte sich die Argumentation der Vermieter. Sie konnten keine risikoreichen Mieter ber\u00fccksichtigen, weil sie ihre \u00abguten Mieter\u00bb nicht vergraulen wollten, angesichts der zahlreichen Alternativen, die der Wohnungsmarkt bot. Bis heute wiederholen sich im Wirtschaftsauf- und -abschwung diese beiden Argumentationsmuster. So oder so: Sozial schwache Mietparteien haben es besonders schwer.\r\n\r\nAuch deshalb ist Casanostra, der Verein f\u00fcr Wohnhilfe, heute ein anerkannter und unverzichtbarer Leistungserbringer f\u00fcr die \u00f6ffentliche Hand. Unseren Verein binden zwei Vertr\u00e4ge mit der Stadt Biel, einer f\u00fcr die \u00abObdachsicherung mit Begleiteten Wohnformen\u00bb und einer f\u00fcr den \u00abNotwohnungsbereich\u00bb. Ausserdem nutzen die Stadt Biel ebenso wie die umliegenden Gemeinden unser neues Pr\u00e4ventionsangebot \u00abWohnfit\u00bb.","_et_gb_content_width":"","footnotes":""},"class_list":["post-189","page","type-page","status-publish","has-post-thumbnail","hentry"],"_links":{"self":[{"href":"https:\/\/staging.casanostra-biel.ch\/fr\/wp-json\/wp\/v2\/pages\/189","targetHints":{"allow":["GET"]}}],"collection":[{"href":"https:\/\/staging.casanostra-biel.ch\/fr\/wp-json\/wp\/v2\/pages"}],"about":[{"href":"https:\/\/staging.casanostra-biel.ch\/fr\/wp-json\/wp\/v2\/types\/page"}],"author":[{"embeddable":true,"href":"https:\/\/staging.casanostra-biel.ch\/fr\/wp-json\/wp\/v2\/users\/4"}],"replies":[{"embeddable":true,"href":"https:\/\/staging.casanostra-biel.ch\/fr\/wp-json\/wp\/v2\/comments?post=189"}],"version-history":[{"count":0,"href":"https:\/\/staging.casanostra-biel.ch\/fr\/wp-json\/wp\/v2\/pages\/189\/revisions"}],"up":[{"embeddable":true,"href":"https:\/\/staging.casanostra-biel.ch\/fr\/wp-json\/wp\/v2\/pages\/176"}],"wp:featuredmedia":[{"embeddable":true,"href":"https:\/\/staging.casanostra-biel.ch\/fr\/wp-json\/wp\/v2\/media\/191"}],"wp:attachment":[{"href":"https:\/\/staging.casanostra-biel.ch\/fr\/wp-json\/wp\/v2\/media?parent=189"}],"curies":[{"name":"wp","href":"https:\/\/api.w.org\/{rel}","templated":true}]}}