{"id":160,"date":"2017-02-25T13:59:26","date_gmt":"2017-02-25T13:59:26","guid":{"rendered":"https:\/\/casanostra-biel.ch\/?page_id=160"},"modified":"2026-02-10T18:08:20","modified_gmt":"2026-02-10T18:08:20","slug":"inscription","status":"publish","type":"page","link":"https:\/\/staging.casanostra-biel.ch\/fr\/inscription\/","title":{"rendered":"Inscription"},"content":{"rendered":"<p>[et_pb_section fb_built=&#187;1&#8243; module_class=&#187;hero-section&#187; _builder_version=&#187;4.27.4&#8243; _module_preset=&#187;default&#187; background_color=&#187;RGBA(255,255,255,0)&#187; background_image=&#187;https:\/\/staging.casanostra-biel.ch\/wp-content\/uploads\/2025\/03\/Mettstr.27-HG2-18.02.09-063.jpg&#187; width_tablet=&#187;&#187; width_phone=&#187;&#187; width_last_edited=&#187;on|phone&#187; max_width_tablet=&#187;&#187; max_width_phone=&#187;&#187; max_width_last_edited=&#187;on|phone&#187; height=&#187;50vh&#187; height_tablet=&#187;40vh&#187; height_phone=&#187;33vh&#187; height_last_edited=&#187;on|tablet&#187; bottom_divider_style=&#187;curve&#187; bottom_divider_color=&#187;gcid-secondary-color&#187; bottom_divider_height=&#187;30px&#187; bottom_divider_height_tablet=&#187;20px&#187; bottom_divider_height_phone=&#187;7px&#187; bottom_divider_height_last_edited=&#187;on|desktop&#187; background_last_edited=&#187;on|phone&#187; parallax_phone=&#187;off&#187; background_size_phone=&#187;custom&#187; background_image_width_phone=&#187;100%&#187; background_image_height_phone=&#187;100%&#187; background_blend_phone=&#187;normal&#187; custom_css_free_form=&#187;.selector {|| display: flex;|| justify-content: center; \/* Horizontally centers content *\/|| align-items: center; \/* Vertically centers content *\/||}&#187; global_colors_info=&#187;{%22gcid-secondary-color%22:%91%22bottom_divider_color%22,%22bottom_divider_color%22%93}&#187;][\/et_pb_section][et_pb_section fb_built=&#187;1&#8243; disabled_on=&#187;on|off|off&#187; _builder_version=&#187;4.27.4&#8243; _module_preset=&#187;default&#187; background_color=&#187;gcid-secondary-color&#187; custom_margin=&#187;0px||0px||false|false&#187; custom_padding=&#187;0px||0px||false|false&#187; border_color_bottom=&#187;#9B140E&#187; global_colors_info=&#187;{%22gcid-secondary-color%22:%91%22background_color%22%93}&#187;][et_pb_row _builder_version=&#187;4.27.3&#8243; _module_preset=&#187;default&#187; width=&#187;100%&#187; max_width=&#187;100%&#187; custom_margin=&#187;0px||0px||false|false&#187; custom_padding=&#187;10px||0px||false|false&#187; global_colors_info=&#187;{}&#187;][et_pb_column type=&#187;4_4&#8243; _builder_version=&#187;4.27.3&#8243; _module_preset=&#187;default&#187; global_colors_info=&#187;{}&#187;][dsm_breadcrumbs show_home_icon=&#187;off&#187; separator_icon=&#187;&#x35;||divi||400&#8243; items_bg_color=&#187;#C75C42&#8243; items_padding=&#187;0px|15px|0px|15px|true|true&#187; current_padding=&#187;0px|0px|0px|0px|false|false&#187; _builder_version=&#187;4.27.4&#8243; _module_preset=&#187;default&#187; items_text_color=&#187;#FFFFFF&#187; items_font_size=&#187;1rem&#187; separators_text_color=&#187;#AB5B47&#8243; current_font=&#187;Sytax LT Bold||||||||&#187; current_text_color=&#187;#3A2F2A&#187; current_font_size=&#187;1rem&#187; custom_margin=&#187;0px||0px|0px|false|false&#187; custom_padding=&#187;0px||0px|5%|false|false&#187; border_radii_items=&#187;on|200px|200px|200px|200px&#187; global_colors_info=&#187;{}&#187; items_text_color__hover_enabled=&#187;off|desktop&#187; current_bg_color__hover_enabled=&#187;on|hover&#187; items_bg_color__hover_enabled=&#187;off|hover&#187; current_bg_color__hover=&#187;RGBA(255,255,255,0)&#187;][\/dsm_breadcrumbs][\/et_pb_column][\/et_pb_row][\/et_pb_section][et_pb_section fb_built=&#187;1&#8243; _builder_version=&#187;4.27.4&#8243; _module_preset=&#187;default&#187; background_color=&#187;#fce7c5&#8243; custom_padding=&#187;||0px||false|false&#187; bottom_divider_color=&#187;#FDF4E4&#8243; bottom_divider_height=&#187;15px&#187; bottom_divider_height_tablet=&#187;15px&#187; bottom_divider_height_phone=&#187;5px&#187; bottom_divider_height_last_edited=&#187;on|phone&#187; border_color_bottom=&#187;#B5836D&#187; global_colors_info=&#187;{%22gcid-heading-color%22:%91%22next_background_color%22%93,%22gcid-secondary-color%22:%91%22background_color%22%93}&#187;][et_pb_row _builder_version=&#187;4.27.3&#8243; _module_preset=&#187;default&#187; global_colors_info=&#187;{}&#187;][et_pb_column type=&#187;4_4&#8243; _builder_version=&#187;4.27.3&#8243; _module_preset=&#187;default&#187; global_colors_info=&#187;{}&#187;][et_pb_heading title=&#187;Wie man bei Casanostra aufgenommen wird&#187; _builder_version=&#187;4.27.4&#8243; _module_preset=&#187;default&#187; title_text_color=&#187;#AB5B47&#8243; title_font_size=&#187;6rem&#187; title_font_size_tablet=&#187;4.2rem&#187; title_font_size_phone=&#187;3.2rem&#187; title_font_size_last_edited=&#187;on|phone&#187; global_colors_info=&#187;{}&#187;][\/et_pb_heading][et_pb_text disabled_on=&#187;off|off|off&#187; _builder_version=&#187;4.27.4&#8243; _module_preset=&#187;default&#187; text_font=&#187;Sytax LT Bold|&#8211;et_global_heading_font_weight|||||||&#187; text_text_color=&#187;#000000&#8243; text_font_size=&#187;1.3rem&#187; text_line_height=&#187;1.4em&#187; header_3_text_color=&#187;#9B140E&#187; header_3_font_size=&#187;2.3rem&#187; background_size=&#187;initial&#187; background_position=&#187;top_left&#187; background_repeat=&#187;repeat&#187; text_font_size_tablet=&#187;1.3rem&#187; text_font_size_phone=&#187;1.1rem&#187; text_font_size_last_edited=&#187;on|phone&#187; header_3_font_size_tablet=&#187;2.1rem&#187; header_3_font_size_phone=&#187;1.7rem&#187; header_3_font_size_last_edited=&#187;on|desktop&#187; global_colors_info=&#187;{}&#187;]<\/p>\n<p><strong>Sofern die unten stehenden Anforderungen erf\u00fcllt sind, kann sich die Interessentin\/der Interessent anmelden. Formulare k\u00f6nnen hier direkt heruntergeladen oder auf der Gesch\u00e4ftsstelle bezogen werden.\u00a0<\/strong><\/p>\n<p>[\/et_pb_text][et_pb_blurb url=&#187;https:\/\/staging.casanostra-biel.ch\/wp-content\/uploads\/2023\/03\/Anmeldeformular-dt-03.2023.pdf&#187; url_new_window=&#187;on&#187; use_icon=&#187;on&#187; font_icon=&#187;&#xe092;||divi||400&#8243; disabled_on=&#187;off|off|off&#187; _builder_version=&#187;4.27.5&#8243; _module_preset=&#187;bf5aa682-012b-412f-8e05-0a060be12516&#8243; header_level=&#187;h6&#8243; body_text_color=&#187;#000000&#8243; link_option_url=&#187;https:\/\/staging.casanostra-biel.ch\/wp-content\/uploads\/2023\/03\/Anmeldeformular-dt-03.2023.pdf&#187; link_option_url_new_window=&#187;on&#187; custom_css_free_form=&#187;@media only screen and (min-width: 780px) {||  selector {||      width: 50%;||      display: inline-block;||  }||}&#187; global_colors_info=&#187;{}&#187;]<\/p>\n<p><span style=\"color: #000000;\"><a style=\"color: #000000;\" href=\"https:\/\/staging.casanostra-biel.ch\/wp-content\/uploads\/2023\/03\/Anmeldeformular-dt-03.2023.pdf\" target=\"_blank\" rel=\"noopener\"><strong><span style=\"text-decoration: underline;\">Anmeldeformular<\/span><\/strong><\/a><\/span><\/p>\n<p>[\/et_pb_blurb][et_pb_blurb url=&#187;https:\/\/staging.casanostra-biel.ch\/wp-content\/uploads\/2023\/03\/Anmeldeformular-dt-03.2023.pdf&#187; url_new_window=&#187;on&#187; use_icon=&#187;on&#187; font_icon=&#187;&#xf298;||fa||400&#8243; disabled_on=&#187;off|off|off&#187; _builder_version=&#187;4.27.5&#8243; _module_preset=&#187;bf5aa682-012b-412f-8e05-0a060be12516&#8243; header_level=&#187;h6&#8243; body_text_color=&#187;#000000&#8243; link_option_url=&#187;https:\/\/staging.casanostra-biel.ch\/wp-content\/uploads\/2023\/03\/Anmeldeformular-dt-03.2023.pdf&#187; link_option_url_new_window=&#187;on&#187; custom_css_free_form=&#187;@media only screen and (min-width: 780px) {||  selector {||      width: 50%;||      display: inline-block;||  }||}&#187; global_colors_info=&#187;{}&#187;]<\/p>\n<p><a href=\"\/online-formular\/\"><span style=\"color: #000000;\"><strong><span style=\"text-decoration: underline;\">Online Anmeldeformular<\/span><\/strong><\/span><\/a><\/p>\n<p>[\/et_pb_blurb][et_pb_text disabled_on=&#187;off|off|off&#187; _builder_version=&#187;4.27.4&#8243; _module_preset=&#187;default&#187; global_colors_info=&#187;{}&#187;]<\/p>\n<p><span>Wenn geeigneter Wohnraum vorhanden ist, werden die Interessierten zu einem Informationsgespr\u00e4ch und allenfalls zu einer Wohnungsbesichtigung eingeladen.<\/span><\/p>\n<p>[\/et_pb_text][\/et_pb_column][\/et_pb_row][\/et_pb_section][et_pb_section fb_built=&#187;1&#8243; _builder_version=&#187;4.27.4&#8243; _module_preset=&#187;default&#187; background_color=&#187;#FDF4E4&#8243; custom_padding=&#187;0px||||false|false&#187; bottom_divider_color=&#187;#FDF4E4&#8243; bottom_divider_height=&#187;15px&#187; bottom_divider_height_tablet=&#187;15px&#187; bottom_divider_height_phone=&#187;5px&#187; bottom_divider_height_last_edited=&#187;on|phone&#187; border_color_bottom=&#187;#B5836D&#187; locked=&#187;off&#187; global_colors_info=&#187;{%22gcid-heading-color%22:%91%22next_background_color%22%93}&#187;][et_pb_row _builder_version=&#187;4.27.4&#8243; _module_preset=&#187;default&#187; global_colors_info=&#187;{}&#187;][et_pb_column type=&#187;4_4&#8243; _builder_version=&#187;4.27.4&#8243; _module_preset=&#187;default&#187; global_colors_info=&#187;{}&#187;][et_pb_heading title=&#187;Aufnahmekriterien&#187; _builder_version=&#187;4.27.4&#8243; _module_preset=&#187;default&#187; title_level=&#187;h2&#8243; title_text_color=&#187;#AB5B47&#8243; global_colors_info=&#187;{}&#187;][\/et_pb_heading][et_pb_text _builder_version=&#187;4.27.4&#8243; _module_preset=&#187;default&#187; global_colors_info=&#187;{}&#187;]<\/p>\n<p><span>Vorausgesetzt werden:<\/span><\/p>\n<p>[\/et_pb_text][et_pb_blurb use_icon=&#187;on&#187; font_icon=&#187;&#xe052;||divi||400&#8243; _builder_version=&#187;4.27.4&#8243; _module_preset=&#187;default&#187; locked=&#187;off&#187; global_colors_info=&#187;{}&#187;]<\/p>\n<p>Eine minimale Wohnkompetenz bzw. Wohnf\u00e4higkeit. Das heisst selbst\u00e4ndiges Wohnen allein oder mit Partner\/in, mit Hausbesuchen durch Sozialarbeiter\/in, Spitex oder anderen entsprechenden Hilfen im ambulanten Bereich.<\/p>\n<p>[\/et_pb_blurb][et_pb_blurb use_icon=&#187;on&#187; font_icon=&#187;&#xe052;||divi||400&#8243; _builder_version=&#187;4.27.4&#8243; _module_preset=&#187;default&#187; locked=&#187;off&#187; global_colors_info=&#187;{}&#187;]<\/p>\n<p>Wille und Motivation, die unterst\u00fctzenden Angebote zur Aufrechterhaltung und zum Training der Wohnf\u00e4higkeit anzunehmen.<\/p>\n<p>[\/et_pb_blurb][et_pb_blurb use_icon=&#187;on&#187; font_icon=&#187;&#xe052;||divi||400&#8243; _builder_version=&#187;4.27.4&#8243; _module_preset=&#187;default&#187; locked=&#187;off&#187; global_colors_info=&#187;{}&#187;]<\/p>\n<p>Bereitschaft zur Anpassung an die geltende Hausordnung und die \u00fcblichen Regeln im Umgang mit Nachbarn.<\/p>\n<p>[\/et_pb_blurb][et_pb_blurb use_icon=&#187;on&#187; font_icon=&#187;&#xe052;||divi||400&#8243; _builder_version=&#187;4.27.4&#8243; _module_preset=&#187;default&#187; locked=&#187;off&#187; global_colors_info=&#187;{}&#187;]<\/p>\n<p>Anerkennung der Bedingungen und des Konzeptes von Casanostra.<\/p>\n<p>[\/et_pb_blurb][\/et_pb_column][\/et_pb_row][\/et_pb_section][et_pb_section fb_built=&#187;1&#8243; _builder_version=&#187;4.27.4&#8243; _module_preset=&#187;default&#187; background_color=&#187;#fce7c5&#8243; custom_padding=&#187;||0px||false|false&#187; bottom_divider_color=&#187;#FDF4E4&#8243; bottom_divider_height=&#187;15px&#187; bottom_divider_height_tablet=&#187;15px&#187; bottom_divider_height_phone=&#187;5px&#187; bottom_divider_height_last_edited=&#187;on|phone&#187; border_color_bottom=&#187;#B5836D&#187; global_colors_info=&#187;{%22gcid-heading-color%22:%91%22next_background_color%22%93,%22gcid-secondary-color%22:%91%22background_color%22%93}&#187;][et_pb_row _builder_version=&#187;4.27.4&#8243; _module_preset=&#187;default&#187; global_colors_info=&#187;{}&#187;][et_pb_column type=&#187;4_4&#8243; _builder_version=&#187;4.27.4&#8243; _module_preset=&#187;default&#187; global_colors_info=&#187;{}&#187;][et_pb_heading title=&#187;Ausschluss- oder Ablehnungskriterien&#187; _builder_version=&#187;4.27.4&#8243; _module_preset=&#187;default&#187; title_level=&#187;h2&#8243; title_text_color=&#187;#AB5B47&#8243; global_colors_info=&#187;{}&#187;][\/et_pb_heading][et_pb_blurb use_icon=&#187;on&#187; font_icon=&#187;&#xe051;||divi||400&#8243; _builder_version=&#187;4.27.4&#8243; _module_preset=&#187;default&#187; locked=&#187;off&#187; global_colors_info=&#187;{}&#187;]<\/p>\n<p>Soziale und\/oder psychische Auff\u00e4lligkeiten oder Krankheiten, die eine so starke Behinderung der Selbst\u00e4ndigkeit im Wohnbereich mit sich bringen, dass eine Gef\u00e4hrdung f\u00fcr die Nachbarschaft oder die Mieterin\/den Mieter selber besteht.<\/p>\n<p>[\/et_pb_blurb][et_pb_blurb use_icon=&#187;on&#187; font_icon=&#187;&#xe051;||divi||400&#8243; _builder_version=&#187;4.27.4&#8243; _module_preset=&#187;default&#187; locked=&#187;off&#187; global_colors_info=&#187;{}&#187;]<\/p>\n<p>Mehrere Misserfolgserlebnisse aus der bisherigen Wohnbiographie, die ein Ausmass an Problemverhalten offenbaren, das mit den Mitteln von Casanostra nicht gen\u00fcgend beeinflusst werden kann.<\/p>\n<p>[\/et_pb_blurb][et_pb_blurb use_icon=&#187;on&#187; font_icon=&#187;&#xe051;||divi||400&#8243; _builder_version=&#187;4.27.4&#8243; _module_preset=&#187;default&#187; locked=&#187;off&#187; global_colors_info=&#187;{}&#187;]<\/p>\n<p>Ablehnung der Bedingungen des begleiteten Wohnens oder wiederholtes Zuwiderhandeln gegen die vereinbarten Abmachungen.<\/p>\n<p>[\/et_pb_blurb][\/et_pb_column][\/et_pb_row][\/et_pb_section]<\/p>\n","protected":false},"excerpt":{"rendered":"<p><div class=\"et_pb_module dsm_breadcrumbs dsm_breadcrumbs_0\">\n\t\t\t\t\n\t\t\t\t\n\t\t\t\t\n\t\t\t\t\n\t\t\t\t\n\t\t\t\t\n\t\t\t\t<div class=\"et_pb_module_inner\">\n\t\t\t\t\t<nav class=\"dsm_breadcrumbs_wrap\">\n\t\t\t\t<ul class=\"dsm_breadcrumbs\" itemscope itemtype=\"https:\/\/schema.org\/BreadcrumbList\">\t\t\t<li class=\"dsm_breadcrumbs_item dsm_home_item dsm_home_item_custom\" itemprop=\"itemListElement\" itemscope\n\t\t\titemtype=\"https:\/\/schema.org\/ListItem\">\n\t\t\t\t<a href=\"https:\/\/staging.casanostra-biel.ch\/fr\" itemprop=\"item\" target=\"\">\n\t\t\t\t\t<span class='dsm_home_text_wrapper'>\n\t\t\t\t\t\t\t\t\t\t\t\t\t<span class=\"dsm_home_text\" itemprop=\"name\">\n\t\t\t\t\t\t\t\tAccueil\t\t\t\t\t\t\t<\/span>\n\t\t\t\t\t<\/span>\n\t\t\t\t<\/a>\n\t\t\t\t<meta itemprop=\"position\" content=\"1\" \/>\n\t\t\t<\/li>\n\n\t\t<li class=\"dsm_breadcrumbs_separator\"> <span class=\"et-pb-icon dsm_separator_icon\">5<\/span><\/li><\/ul>\n\t\t\t<\/nav>\n\t\t\t\t<\/div>\n\t\t\t<\/div>Sofern die unten stehenden Anforderungen erf\u00fcllt sind, kann sich die Interessentin\/der Interessent anmelden. Formulare k\u00f6nnen hier direkt heruntergeladen oder auf der Gesch\u00e4ftsstelle bezogen werden.\u00a0AnmeldeformularOnline AnmeldeformularWenn geeigneter Wohnraum vorhanden ist, werden die Interessierten zu einem Informationsgespr\u00e4ch und allenfalls zu einer Wohnungsbesichtigung eingeladen.Vorausgesetzt werden:Eine minimale Wohnkompetenz bzw. Wohnf\u00e4higkeit. Das heisst selbst\u00e4ndiges Wohnen allein oder mit Partner\/in, mit Hausbesuchen durch Sozialarbeiter\/in, Spitex oder anderen entsprechenden Hilfen im ambulanten Bereich.Wille und Motivation, die unterst\u00fctzenden Angebote zur Aufrechterhaltung und zum Training der Wohnf\u00e4higkeit anzunehmen.Bereitschaft zur Anpassung an die geltende Hausordnung und die \u00fcblichen Regeln im Umgang mit Nachbarn.Anerkennung der Bedingungen und des Konzeptes von Casanostra.Soziale und\/oder psychische Auff\u00e4lligkeiten oder Krankheiten, die eine so starke Behinderung der Selbst\u00e4ndigkeit im Wohnbereich mit sich bringen, dass eine Gef\u00e4hrdung f\u00fcr die Nachbarschaft oder die Mieterin\/den Mieter selber besteht.Mehrere Misserfolgserlebnisse aus der bisherigen Wohnbiographie, die ein Ausmass an Problemverhalten offenbaren, das mit den Mitteln von Casanostra nicht gen\u00fcgend beeinflusst werden kann.Ablehnung der Bedingungen des begleiteten Wohnens oder wiederholtes Zuwiderhandeln gegen die vereinbarten Abmachungen.<\/p>","protected":false},"author":12,"featured_media":161,"parent":0,"menu_order":0,"comment_status":"closed","ping_status":"closed","template":"","meta":{"_et_pb_use_builder":"on","_et_pb_old_content":"<p><strong>Sofern die unten stehenden Anforderungen erf\u00fcllt sind, kann sich die Interessentin\/der Interessent anmelden. Formulare k\u00f6nnen hier direkt heruntergeladen oder auf der Gesch\u00e4ftsstelle bezogen werden.\u00a0<\/strong><\/p><p><a class=\"download-icon\" href=\"https:\/\/staging.casanostra-biel.ch\/wp-content\/uploads\/2023\/03\/Anmeldeformular-dt-03.2023.pdf\">Anmeldeformular<\/a><br \/>(PDF, 50 KB)<\/p><p>Wenn geeigneter Wohnraum vorhanden ist, werden die Interessierten zu einem Informationsgespr\u00e4ch und allenfalls zu einer Wohnungsbesichtigung eingeladen.<\/p><p><strong>Aufnahmekriterien<\/strong><br \/>Vorausgesetzt werden:<\/p><ul><li>Eine minimale Wohnkompetenz bzw. Wohnf\u00e4higkeit. Das heisst selbst\u00e4ndiges Wohnen allein oder mit Partner\/in, mit Hausbesuchen durch Sozialarbeiter\/in, Spitex oder anderen entsprechenden Hilfen im ambulanten Bereich.<\/li><li>Wille und Motivation, die unterst\u00fctzenden Angebote zur Aufrechterhaltung und zum Training der Wohnf\u00e4higkeit anzunehmen.<\/li><li>Bereitschaft zur Anpassung an die geltende Hausordnung und die \u00fcblichen Regeln im Umgang mit Nachbarn.<\/li><li>Anerkennung der Bedingungen und des Konzeptes von Casanostra.<\/li><\/ul><p><strong>Ausschluss- oder Ablehnungskriterien<\/strong><\/p><ul><li>Soziale und\/oder psychische Auff\u00e4lligkeiten oder Krankheiten, die eine so starke Behinderung der Selbst\u00e4ndigkeit im Wohnbereich mit sich bringen, dass eine Gef\u00e4hrdung f\u00fcr die Nachbarschaft oder die Mieterin\/den Mieter selber besteht.<\/li><li>Mehrere Misserfolgserlebnisse aus der bisherigen Wohnbiographie, die ein Ausmass an Problemverhalten offenbaren, das mit den Mitteln von Casanostra nicht gen\u00fcgend beeinflusst werden kann.<\/li><li>Ablehnung der Bedingungen des begleiteten Wohnens oder wiederholtes Zuwiderhandeln gegen die vereinbarten Abmachungen.<\/li><\/ul>","_et_gb_content_width":"","footnotes":""},"class_list":["post-160","page","type-page","status-publish","has-post-thumbnail","hentry"],"_links":{"self":[{"href":"https:\/\/staging.casanostra-biel.ch\/fr\/wp-json\/wp\/v2\/pages\/160","targetHints":{"allow":["GET"]}}],"collection":[{"href":"https:\/\/staging.casanostra-biel.ch\/fr\/wp-json\/wp\/v2\/pages"}],"about":[{"href":"https:\/\/staging.casanostra-biel.ch\/fr\/wp-json\/wp\/v2\/types\/page"}],"author":[{"embeddable":true,"href":"https:\/\/staging.casanostra-biel.ch\/fr\/wp-json\/wp\/v2\/users\/12"}],"replies":[{"embeddable":true,"href":"https:\/\/staging.casanostra-biel.ch\/fr\/wp-json\/wp\/v2\/comments?post=160"}],"version-history":[{"count":0,"href":"https:\/\/staging.casanostra-biel.ch\/fr\/wp-json\/wp\/v2\/pages\/160\/revisions"}],"wp:featuredmedia":[{"embeddable":true,"href":"https:\/\/staging.casanostra-biel.ch\/fr\/wp-json\/wp\/v2\/media\/161"}],"wp:attachment":[{"href":"https:\/\/staging.casanostra-biel.ch\/fr\/wp-json\/wp\/v2\/media?parent=160"}],"curies":[{"name":"wp","href":"https:\/\/api.w.org\/{rel}","templated":true}]}}